{"id":4530,"date":"2023-03-30T13:32:53","date_gmt":"2023-03-30T10:32:53","guid":{"rendered":"https:\/\/dev.infinit.ee\/prod\/mogami-ceramic-countertop-washbasin-4\/"},"modified":"2026-03-12T12:02:02","modified_gmt":"2026-03-12T10:02:02","slug":"mogami-ceramic-countertop-washbasin-4","status":"publish","type":"product","link":"https:\/\/laveo.sau.ee\/en\/product\/mogami-ceramic-countertop-washbasin-4\/","title":{"rendered":"Mogami &#8211; keraamiline t\u00f6\u00f6pinna valamu"},"content":{"rendered":"<p>Valamu Mogami on loodud kaasaegset disaini silmas pidades.<br \/>\nMogami on kahe v\u00e4rvi kombinatsioon, kus ajatu valge p\u00f5imib musta aktsendi, luues originaalse kompositsiooni. T\u00e4nu 50 x 40 cm suurusele igap\u00e4evases kasutuses mugav valamu on valmistatud kvaliteetsest keraamikast. Elegantne \u00fcmarate nurkadega ristk\u00fclikukujuline kuju on saadaval t\u00f6\u00f6pinna mudelil, mis kaalub veidi \u00fcle 10 kg. K\u00f5rgete seinte korral ei valgu vesi t\u00f6\u00f6pinnale ega p\u00f5randale. Mogami sobib ideaalselt teiste Laveo toodetega. Mogami sarjas leiduv haruldane v\u00e4rvikomplekt n\u00e4eb v\u00e4lja v\u00e4ga originaalne ja r\u00f5\u00f5mustab iga k\u00fclalist.<\/p>\n","protected":false},"excerpt":{"rendered":"<p>Valamu Mogami on loodud kaasaegset disaini silmas pidades. Mogami on kahe v\u00e4rvi kombinatsioon, kus ajatu valge p\u00f5imib musta aktsendi, luues originaalse kompositsiooni. T\u00e4nu 50 x 40 cm suurusele igap\u00e4evases kasutuses mugav valamu on valmistatud kvaliteetsest keraamikast. Elegantne \u00fcmarate nurkadega ristk\u00fclikukujuline kuju on saadaval t\u00f6\u00f6pinna mudelil, mis kaalub veidi \u00fcle 10 kg. K\u00f5rgete seinte korral ei [&hellip;]<\/p>\n","protected":false},"featured_media":3739,"template":"","meta":[],"product_brand":[],"product_cat":[2747,2746],"product_tag":[],"product-combo":[5136],"plc":[],"edasimyyja":[],"class_list":{"0":"post-4530","1":"product","2":"type-product","3":"status-publish","4":"has-post-thumbnail","6":"product_cat-keraamilised","7":"product_cat-valamu-komplektid","8":"pa_code-vum-b250-et","9":"pa_depth-of-bowl-135-mm-et","10":"pa_discolouration-resistant-yes-et","11":"pa_ean-5905358200063-et","12":"pa_finish-black-et","13":"pa_length-400-mm-et","14":"pa_method-of-installation-countertop-et","15":"pa_model-rectangular-et","16":"pa_producer-laveo-et","17":"pa_series-mogami-et","18":"pa_weight-99-kg-et","19":"pa_width-500-mm-et","20":"pa_years-of-warranty-2-see-warranty-terms-et","21":"product-combo-mogami-2","23":"first","24":"instock","25":"purchasable","26":"product-type-simple"},"_links":{"self":[{"href":"https:\/\/laveo.sau.ee\/en\/wp-json\/wp\/v2\/product\/4530","targetHints":{"allow":["GET"]}}],"collection":[{"href":"https:\/\/laveo.sau.ee\/en\/wp-json\/wp\/v2\/product"}],"about":[{"href":"https:\/\/laveo.sau.ee\/en\/wp-json\/wp\/v2\/types\/product"}],"wp:featuredmedia":[{"embeddable":true,"href":"https:\/\/laveo.sau.ee\/en\/wp-json\/wp\/v2\/media\/3739"}],"wp:attachment":[{"href":"https:\/\/laveo.sau.ee\/en\/wp-json\/wp\/v2\/media?parent=4530"}],"wp:term":[{"taxonomy":"product_brand","embeddable":true,"href":"https:\/\/laveo.sau.ee\/en\/wp-json\/wp\/v2\/product_brand?post=4530"},{"taxonomy":"product_cat","embeddable":true,"href":"https:\/\/laveo.sau.ee\/en\/wp-json\/wp\/v2\/product_cat?post=4530"},{"taxonomy":"product_tag","embeddable":true,"href":"https:\/\/laveo.sau.ee\/en\/wp-json\/wp\/v2\/product_tag?post=4530"},{"taxonomy":"product-combo","embeddable":true,"href":"https:\/\/laveo.sau.ee\/en\/wp-json\/wp\/v2\/product-combo?post=4530"},{"taxonomy":"plc","embeddable":true,"href":"https:\/\/laveo.sau.ee\/en\/wp-json\/wp\/v2\/plc?post=4530"},{"taxonomy":"edasimyyja","embeddable":true,"href":"https:\/\/laveo.sau.ee\/en\/wp-json\/wp\/v2\/edasimyyja?post=4530"}],"curies":[{"name":"wp","href":"https:\/\/api.w.org\/{rel}","templated":true}]}}