{"id":4525,"date":"2023-03-30T13:33:07","date_gmt":"2023-03-30T10:33:07","guid":{"rendered":"https:\/\/dev.infinit.ee\/prod\/pinar-shower-column-with-mixer-4\/"},"modified":"2026-02-16T12:02:08","modified_gmt":"2026-02-16T10:02:08","slug":"pinar-shower-column-with-mixer-4","status":"publish","type":"product","link":"https:\/\/laveo.sau.ee\/en\/product\/pinar-shower-column-with-mixer-4\/","title":{"rendered":"Pinar &#8211; segistiga du\u0161isammas"},"content":{"rendered":"<p>Pinari seinale kinnitatav du\u0161isammas on heli elegantsi ja funktsionaalsuse s\u00fcnon\u00fc\u00fcm. Minimalistlik disain, mida v\u00f5ib leida sambast, t\u00e4hendab harmoonilisi vorme, mis sobivad mitut t\u00fc\u00fcpi vannitoa sisekujundusega. See on seinale kinnitatav mudel. Komplekti kuuluvad \u00fche k\u00e4epidemega seinale kinnitatav segisti, reguleeritav latt, k\u00e4sidu\u0161\u0161 150cm pikkuse du\u0161ivoolikuga, ruudukujuline vihmadu\u0161\u0161 ja vajalikud kinnituselemendid. Du\u0161isegisti paigaldatud keraamiline kassett tagab probleemideta kasutamise aastateks ja veevoolu muutuva reguleerimise. Vihmadu\u0161\u0161is ja k\u00e4sidu\u0161is pakutava katlakivivastase s\u00fcsteemiga on v\u00f5imalik katlakivi silikoonotsikutest lihtsalt ja kiiresti eemaldada, saavutades ideaalse l\u00e4bilaskvuse. Lisaks on metallist p\u00f5imitud kummist du\u0161ivoolik varustatud keerdumisvastase s\u00fcsteemiga, mis takistab selle sassi minemist. Mudel on saadaval kroomitud ja musta viimistlusega.<br \/>\nKroomitud viimistluse valimisel v\u00f5lub veerg stiilse ja sidusa disainiga, mida r\u00f5hutab l\u00e4ikiv kroom. Teisest k\u00fcljest, kui otsustate musta viimistluse kasuks, saate seda sobitada nii heledate kui ka tumedate seadetega, r\u00f5hutades nende luksuslikku iseloomu.<\/p>\n","protected":false},"excerpt":{"rendered":"<p>Pinari seinale kinnitatav du\u0161isammas on heli elegantsi ja funktsionaalsuse s\u00fcnon\u00fc\u00fcm. Minimalistlik disain, mida v\u00f5ib leida sambast, t\u00e4hendab harmoonilisi vorme, mis sobivad mitut t\u00fc\u00fcpi vannitoa sisekujundusega. See on seinale kinnitatav mudel. Komplekti kuuluvad \u00fche k\u00e4epidemega seinale kinnitatav segisti, reguleeritav latt, k\u00e4sidu\u0161\u0161 150cm pikkuse du\u0161ivoolikuga, ruudukujuline vihmadu\u0161\u0161 ja vajalikud kinnituselemendid. Du\u0161isegisti paigaldatud keraamiline kassett tagab probleemideta kasutamise [&hellip;]<\/p>\n","protected":false},"featured_media":3774,"template":"","meta":[],"product_brand":[],"product_cat":[2712,2741],"product_tag":[],"product-combo":[],"plc":[],"edasimyyja":[],"class_list":{"0":"post-4525","1":"product","2":"type-product","3":"status-publish","4":"has-post-thumbnail","6":"product_cat-dusid","7":"product_cat-dusisambad","8":"pa_additional-functions-with-anti-twist-system-with-anti-limescale-system-adjustable-overhead-rain-shower-height-et","9":"pa_anti-calc-system-yes-et","10":"pa_bar-length-1000-1300-mm-et","11":"pa_code-paw-70kb-et","12":"pa_depth-490-mm-et","13":"pa_ean-5907791184696-et","14":"pa_finish-black-et","15":"pa_hand-shower-jet-size-235x42-mm-et","16":"pa_height-1000-1300-mm-et","17":"pa_length-of-hose-1500-mm-et","18":"pa_method-of-installation-wall-mounted-et","19":"pa_number-of-hand-shower-streams-1-et","20":"pa_producer-laveo-et","21":"pa_series-pinar-et","22":"pa_stream-types-rain-et","23":"pa_width-261-mm-et","25":"first","26":"instock","27":"purchasable","28":"product-type-simple"},"_links":{"self":[{"href":"https:\/\/laveo.sau.ee\/en\/wp-json\/wp\/v2\/product\/4525","targetHints":{"allow":["GET"]}}],"collection":[{"href":"https:\/\/laveo.sau.ee\/en\/wp-json\/wp\/v2\/product"}],"about":[{"href":"https:\/\/laveo.sau.ee\/en\/wp-json\/wp\/v2\/types\/product"}],"wp:featuredmedia":[{"embeddable":true,"href":"https:\/\/laveo.sau.ee\/en\/wp-json\/wp\/v2\/media\/3774"}],"wp:attachment":[{"href":"https:\/\/laveo.sau.ee\/en\/wp-json\/wp\/v2\/media?parent=4525"}],"wp:term":[{"taxonomy":"product_brand","embeddable":true,"href":"https:\/\/laveo.sau.ee\/en\/wp-json\/wp\/v2\/product_brand?post=4525"},{"taxonomy":"product_cat","embeddable":true,"href":"https:\/\/laveo.sau.ee\/en\/wp-json\/wp\/v2\/product_cat?post=4525"},{"taxonomy":"product_tag","embeddable":true,"href":"https:\/\/laveo.sau.ee\/en\/wp-json\/wp\/v2\/product_tag?post=4525"},{"taxonomy":"product-combo","embeddable":true,"href":"https:\/\/laveo.sau.ee\/en\/wp-json\/wp\/v2\/product-combo?post=4525"},{"taxonomy":"plc","embeddable":true,"href":"https:\/\/laveo.sau.ee\/en\/wp-json\/wp\/v2\/plc?post=4525"},{"taxonomy":"edasimyyja","embeddable":true,"href":"https:\/\/laveo.sau.ee\/en\/wp-json\/wp\/v2\/edasimyyja?post=4525"}],"curies":[{"name":"wp","href":"https:\/\/api.w.org\/{rel}","templated":true}]}}