{"id":4517,"date":"2023-03-30T13:33:07","date_gmt":"2023-03-30T10:33:07","guid":{"rendered":"https:\/\/dev.infinit.ee\/prod\/odour-trap-for-linear-drain-2\/"},"modified":"2026-02-16T12:02:07","modified_gmt":"2026-02-16T10:02:07","slug":"odour-trap-for-linear-drain-2","status":"publish","type":"product","link":"https:\/\/laveo.sau.ee\/en\/product\/odour-trap-for-linear-drain-2\/","title":{"rendered":"L\u00f5hnap\u00fc\u00fcdur lineaarse \u00e4ravoolu jaoks"},"content":{"rendered":"<p>Lineaarse \u00e4ravoolu kuiv sifoon takistab ebameeldivate l\u00f5hnade v\u00e4ljumist kanalisatsioonist. Sifoon sobib Laveo Basso lineaarsete \u00e4ravoolude p\u00f5randa- ja seinamudelitele. Lihtne paigaldusmeetod v\u00f5imaldab sifooni paigaldada kasutaja ise juba paigutatud kanalisatsioonitorudesse, ilma et see m\u00f5jutaks vee l\u00e4bilaskvust. Sifoon on varustatud klapiga, mis avaneb automaatselt kanalisatsiooni voolamisel ja v\u00f5imaldab selle vaba \u00e4ravoolu. Kui vesi voolab t\u00e4ielikult v\u00e4lja, naaseb klapp p\u00f5hiasendisse (suletud) ja takistab ebameeldivate l\u00f5hnade v\u00e4ljumist.<\/p>\n","protected":false},"excerpt":{"rendered":"<p>Lineaarse \u00e4ravoolu kuiv sifoon takistab ebameeldivate l\u00f5hnade v\u00e4ljumist kanalisatsioonist. Sifoon sobib Laveo Basso lineaarsete \u00e4ravoolude p\u00f5randa- ja seinamudelitele. Lihtne paigaldusmeetod v\u00f5imaldab sifooni paigaldada kasutaja ise juba paigutatud kanalisatsioonitorudesse, ilma et see m\u00f5jutaks vee l\u00e4bilaskvust. Sifoon on varustatud klapiga, mis avaneb automaatselt kanalisatsiooni voolamisel ja v\u00f5imaldab selle vaba \u00e4ravoolu. Kui vesi voolab t\u00e4ielikult v\u00e4lja, naaseb klapp [&hellip;]<\/p>\n","protected":false},"featured_media":3766,"template":"","meta":[],"product_brand":[],"product_cat":[2735,2674,2716],"product_tag":[],"product-combo":[],"plc":[],"edasimyyja":[],"class_list":{"0":"post-4517","1":"product","2":"type-product","3":"status-publish","4":"has-post-thumbnail","6":"product_cat-dusirenni-trappide-lisad","7":"product_cat-dusirennid-trapiga","8":"product_cat-lisatarvikud-vannituppa","9":"product_shipping_class-pickup-point-2","10":"pa_code-cot-004d-et","11":"pa_connection-size-50-mm-basso-et","12":"pa_ean-5907791190925-et","13":"pa_material-abs-tpe-et","14":"pa_producer-laveo-et","15":"pa_years-of-warranty-2-see-warranty-terms-et","17":"first","18":"instock","19":"purchasable","20":"product-type-simple"},"_links":{"self":[{"href":"https:\/\/laveo.sau.ee\/en\/wp-json\/wp\/v2\/product\/4517","targetHints":{"allow":["GET"]}}],"collection":[{"href":"https:\/\/laveo.sau.ee\/en\/wp-json\/wp\/v2\/product"}],"about":[{"href":"https:\/\/laveo.sau.ee\/en\/wp-json\/wp\/v2\/types\/product"}],"wp:featuredmedia":[{"embeddable":true,"href":"https:\/\/laveo.sau.ee\/en\/wp-json\/wp\/v2\/media\/3766"}],"wp:attachment":[{"href":"https:\/\/laveo.sau.ee\/en\/wp-json\/wp\/v2\/media?parent=4517"}],"wp:term":[{"taxonomy":"product_brand","embeddable":true,"href":"https:\/\/laveo.sau.ee\/en\/wp-json\/wp\/v2\/product_brand?post=4517"},{"taxonomy":"product_cat","embeddable":true,"href":"https:\/\/laveo.sau.ee\/en\/wp-json\/wp\/v2\/product_cat?post=4517"},{"taxonomy":"product_tag","embeddable":true,"href":"https:\/\/laveo.sau.ee\/en\/wp-json\/wp\/v2\/product_tag?post=4517"},{"taxonomy":"product-combo","embeddable":true,"href":"https:\/\/laveo.sau.ee\/en\/wp-json\/wp\/v2\/product-combo?post=4517"},{"taxonomy":"plc","embeddable":true,"href":"https:\/\/laveo.sau.ee\/en\/wp-json\/wp\/v2\/plc?post=4517"},{"taxonomy":"edasimyyja","embeddable":true,"href":"https:\/\/laveo.sau.ee\/en\/wp-json\/wp\/v2\/edasimyyja?post=4517"}],"curies":[{"name":"wp","href":"https:\/\/api.w.org\/{rel}","templated":true}]}}