{"id":4514,"date":"2023-03-30T13:33:07","date_gmt":"2023-03-30T10:33:07","guid":{"rendered":"https:\/\/dev.infinit.ee\/prod\/nalda-upright-sink-mixer-with-a-pull-out-spout-4\/"},"modified":"2026-04-16T10:50:18","modified_gmt":"2026-04-16T07:50:18","slug":"nalda-upright-sink-mixer-with-a-pull-out-spout-4","status":"publish","type":"product","link":"https:\/\/laveo.sau.ee\/en\/product\/nalda-upright-sink-mixer-with-a-pull-out-spout-4\/","title":{"rendered":"Nalda &#8211; v\u00e4ljat\u00f5mmatava tilaga p\u00fcstine valamusegisti"},"content":{"rendered":"<p>Laveo Nalda sari on lihtsa ja kaasaegse disainiga segistite kollektsioon, mis on lisaks varustatud energias\u00e4\u00e4stliku veevoolus\u00fcsteemiga. Sarja kuuluvad p\u00f6\u00f6ratavate tiladega mudelid, millest \u00fcks on saadaval U-kujulise ja teine pika v\u00e4ljat\u00f5mmatava versioonina. M\u00f5lemad on seatud \u00fcmara kujuga ergonoomilise hoovaga koonuse korpusele. Mikserid on varustatud k\u00fclmk\u00e4ivituse funktsiooniga. See lihtne mehhanism v\u00f5imaldab v\u00e4hendada kuuma vee tarbimist. Selle t\u00f6\u00f6p\u00f5him\u00f5te on see, et p\u00e4rast avamist voolab tilast alati v\u00e4lja k\u00fclma vee juga, mitte segatud. Sellega s\u00e4\u00e4state energiat vee soojendamiseks.<\/p>\n","protected":false},"excerpt":{"rendered":"<p>Laveo Nalda sari on lihtsa ja kaasaegse disainiga segistite kollektsioon, mis on lisaks varustatud energias\u00e4\u00e4stliku veevoolus\u00fcsteemiga. Sarja kuuluvad p\u00f6\u00f6ratavate tiladega mudelid, millest \u00fcks on saadaval U-kujulise ja teine pika v\u00e4ljat\u00f5mmatava versioonina. M\u00f5lemad on seatud \u00fcmara kujuga ergonoomilise hoovaga koonuse korpusele. Mikserid on varustatud k\u00fclmk\u00e4ivituse funktsiooniga. See lihtne mehhanism v\u00f5imaldab v\u00e4hendada kuuma vee tarbimist. Selle t\u00f6\u00f6p\u00f5him\u00f5te [&hellip;]<\/p>\n","protected":false},"featured_media":3763,"template":"","meta":[],"product_brand":[],"product_cat":[2711],"product_tag":[],"product-combo":[5160],"plc":[],"edasimyyja":[5212],"class_list":{"0":"post-4514","1":"product","2":"type-product","3":"status-publish","4":"has-post-thumbnail","6":"product_cat-koogisegisti-kraanid","7":"pa_acoustic-group-i--20-db-et","8":"pa_code-bay-769d-et","9":"pa_connecting-hose-length-500-mm-et","10":"pa_ean-5907791169822-et","11":"pa_finish-black-et","12":"pa_flow-class-z--9-l-min-et","13":"pa_head-diameter-35-mm-et","14":"pa_method-of-installation-upright-et","15":"pa_producer-laveo-et","16":"pa_range-of-spout-227-mm-et","17":"pa_series-nalda-et","18":"pa_total-mixer-height-415-mm-et","19":"pa_type-of-cartridge-ceramic-et","20":"pa_type-of-handle-single-lever-et","21":"pa_type-of-spout-movable-pull-out-et","22":"product-combo-nalda-long-2","23":"edasimyyja-on24-2","25":"first","26":"instock","27":"purchasable","28":"product-type-simple"},"_links":{"self":[{"href":"https:\/\/laveo.sau.ee\/en\/wp-json\/wp\/v2\/product\/4514","targetHints":{"allow":["GET"]}}],"collection":[{"href":"https:\/\/laveo.sau.ee\/en\/wp-json\/wp\/v2\/product"}],"about":[{"href":"https:\/\/laveo.sau.ee\/en\/wp-json\/wp\/v2\/types\/product"}],"wp:featuredmedia":[{"embeddable":true,"href":"https:\/\/laveo.sau.ee\/en\/wp-json\/wp\/v2\/media\/3763"}],"wp:attachment":[{"href":"https:\/\/laveo.sau.ee\/en\/wp-json\/wp\/v2\/media?parent=4514"}],"wp:term":[{"taxonomy":"product_brand","embeddable":true,"href":"https:\/\/laveo.sau.ee\/en\/wp-json\/wp\/v2\/product_brand?post=4514"},{"taxonomy":"product_cat","embeddable":true,"href":"https:\/\/laveo.sau.ee\/en\/wp-json\/wp\/v2\/product_cat?post=4514"},{"taxonomy":"product_tag","embeddable":true,"href":"https:\/\/laveo.sau.ee\/en\/wp-json\/wp\/v2\/product_tag?post=4514"},{"taxonomy":"product-combo","embeddable":true,"href":"https:\/\/laveo.sau.ee\/en\/wp-json\/wp\/v2\/product-combo?post=4514"},{"taxonomy":"plc","embeddable":true,"href":"https:\/\/laveo.sau.ee\/en\/wp-json\/wp\/v2\/plc?post=4514"},{"taxonomy":"edasimyyja","embeddable":true,"href":"https:\/\/laveo.sau.ee\/en\/wp-json\/wp\/v2\/edasimyyja?post=4514"}],"curies":[{"name":"wp","href":"https:\/\/api.w.org\/{rel}","templated":true}]}}