{"id":4497,"date":"2023-03-30T13:33:27","date_gmt":"2023-03-30T10:33:27","guid":{"rendered":"https:\/\/dev.infinit.ee\/prod\/plado-linear-drain-100-cm-2\/"},"modified":"2026-04-16T10:50:18","modified_gmt":"2026-04-16T07:50:18","slug":"plado-linear-drain-100-cm-2","status":"publish","type":"product","link":"https:\/\/laveo.sau.ee\/en\/product\/plado-linear-drain-100-cm-2\/","title":{"rendered":"Plado &#8211; lineaarne \u00e4ravool 100 cm"},"content":{"rendered":"<p>Plado kollektsioon on lineaarsed \u00e4ravoolud, mis paistavad silma k\u00f5rge tootekvaliteedi ja hea efektiivsusega. \u00c4ravoolutorud on valmistatud kvaliteetsest roostevabast terasest 304, mida iseloomustab pikk eluiga. Tootele kehtib 10-aastane garantii Laveo kui tootja poolt.<br \/>\nT\u00e4nu t\u00e4psusele ja hoolikale t\u00f6\u00f6tlemisele saab \u00e4ravoolutorusid eristada esteetika ja funktsionaalsuse poolest.<br \/>\nSee on restiga \u00e4ravool, mis sobib plaatide paigaldamiseks. Selline lahendus muudab \u00e4ravoolu vaevu n\u00e4htavaks, mis omakorda v\u00f5imaldab luua supluskohas t\u00e4iusliku harmoonia.<br \/>\nKomplekti kuuluvad reguleeritavad jalad muudavad tasapinna t\u00e4pse ja kindla seadistamise p\u00f5randale lihtsamaks ning katte eemaldamiseks kasutatakse kaasasolevat konksu. Lai valik \u00e4ravoolu pikkusi v\u00f5imaldab seda kohandada, kuna mudelil on koguni kuus varianti vahemikus 50 kuni 100 cm.<br \/>\nK\u00f5rge l\u00e4bilaskvus 50 l\/min tagab vannis k\u00e4ies piisava vee \u00e4ravoolu.<\/p>\n","protected":false},"excerpt":{"rendered":"<p>Plado kollektsioon on lineaarsed \u00e4ravoolud, mis paistavad silma k\u00f5rge tootekvaliteedi ja hea efektiivsusega. \u00c4ravoolutorud on valmistatud kvaliteetsest roostevabast terasest 304, mida iseloomustab pikk eluiga. Tootele kehtib 10-aastane garantii Laveo kui tootja poolt. T\u00e4nu t\u00e4psusele ja hoolikale t\u00f6\u00f6tlemisele saab \u00e4ravoolutorusid eristada esteetika ja funktsionaalsuse poolest. See on restiga \u00e4ravool, mis sobib plaatide paigaldamiseks. Selline lahendus muudab [&hellip;]<\/p>\n","protected":false},"featured_media":3786,"template":"","meta":[],"product_brand":[],"product_cat":[2674,2675],"product_tag":[],"product-combo":[],"plc":[],"edasimyyja":[],"class_list":{"0":"post-4497","1":"product","2":"type-product","3":"status-publish","4":"has-post-thumbnail","6":"product_cat-dusirennid-trapiga","7":"product_cat-porandatrapid","8":"pa_code-cov-210d-et","9":"pa_connection-size-40-50-mm-et","10":"pa_dirt-collector-yes-et","11":"pa_drain-length-1000-mm-et","12":"pa_ean-5907791132345-et","13":"pa_finish-stainless-steel-et","14":"pa_installation-height-58-mm-et","15":"pa_levelling-feet-yes-et","16":"pa_manner-of-drain-installation-floor-et","17":"pa_maximum-height-90-mm-et","18":"pa_minimum-height-70-mm-et","19":"pa_producer-laveo-et","20":"pa_series-plado-et","21":"pa_strainer-protecting-the-trap-yes-et","22":"pa_trap-cleaned-from-the-top-yes-et","23":"pa_water-flow-rate-50-l-min-et","25":"first","26":"instock","27":"purchasable","28":"product-type-simple"},"_links":{"self":[{"href":"https:\/\/laveo.sau.ee\/en\/wp-json\/wp\/v2\/product\/4497","targetHints":{"allow":["GET"]}}],"collection":[{"href":"https:\/\/laveo.sau.ee\/en\/wp-json\/wp\/v2\/product"}],"about":[{"href":"https:\/\/laveo.sau.ee\/en\/wp-json\/wp\/v2\/types\/product"}],"wp:featuredmedia":[{"embeddable":true,"href":"https:\/\/laveo.sau.ee\/en\/wp-json\/wp\/v2\/media\/3786"}],"wp:attachment":[{"href":"https:\/\/laveo.sau.ee\/en\/wp-json\/wp\/v2\/media?parent=4497"}],"wp:term":[{"taxonomy":"product_brand","embeddable":true,"href":"https:\/\/laveo.sau.ee\/en\/wp-json\/wp\/v2\/product_brand?post=4497"},{"taxonomy":"product_cat","embeddable":true,"href":"https:\/\/laveo.sau.ee\/en\/wp-json\/wp\/v2\/product_cat?post=4497"},{"taxonomy":"product_tag","embeddable":true,"href":"https:\/\/laveo.sau.ee\/en\/wp-json\/wp\/v2\/product_tag?post=4497"},{"taxonomy":"product-combo","embeddable":true,"href":"https:\/\/laveo.sau.ee\/en\/wp-json\/wp\/v2\/product-combo?post=4497"},{"taxonomy":"plc","embeddable":true,"href":"https:\/\/laveo.sau.ee\/en\/wp-json\/wp\/v2\/plc?post=4497"},{"taxonomy":"edasimyyja","embeddable":true,"href":"https:\/\/laveo.sau.ee\/en\/wp-json\/wp\/v2\/edasimyyja?post=4497"}],"curies":[{"name":"wp","href":"https:\/\/api.w.org\/{rel}","templated":true}]}}