{"id":4494,"date":"2023-03-30T13:33:27","date_gmt":"2023-03-30T10:33:27","guid":{"rendered":"https:\/\/dev.infinit.ee\/prod\/pionier-granite-sink-1-bowl-with-a-half-drainer-4\/"},"modified":"2026-03-30T12:02:01","modified_gmt":"2026-03-30T09:02:01","slug":"pionier-granite-sink-1-bowl-with-a-half-drainer-4","status":"publish","type":"product","link":"https:\/\/laveo.sau.ee\/en\/product\/pionier-granite-sink-1-bowl-with-a-half-drainer-4\/","title":{"rendered":"Pionier &#8211; graniidist valamu &#8211; 1 kauss koos poolkuivatusega"},"content":{"rendered":"<p>Otsige mugavust Laveo Pionier valamuga. Vaatamata standardsuurusele pakub see 1 kausiga kraanikauss koos pool\u00e4ravooluga tugevat ja mahukat kaussi. Valamu nurgas on auk segisti jaoks. Selline lahendus pakub t\u00f6\u00f6ruumi suurimate k\u00f6\u00f6gin\u00f5ude, n\u00e4iteks pottide ja k\u00fcpsetusplaatide pesemiseks. Veel \u00fcks valamu eelis on selle p\u00f6\u00f6rlemise v\u00f5imalus. Selle Pionieri valamu saab paigaldada t\u00f6\u00f6pinnale nii, et \u00e4ravool on kas vasakul v\u00f5i paremal. Valamul on k\u00f5rge vastupidavus, kuna selle tootmine toimub Poola tehases. Toode on vastupidav k\u00f5rgetele temperatuuridele, termilisele \u0161okile ja kriimustustele. Valamule kehtib 10-aastane garantii ja see on saadaval kolmes v\u00e4rvitoonis: hall, bee\u017e ja must.<\/p>\n","protected":false},"excerpt":{"rendered":"<p>Otsige mugavust Laveo Pionier valamuga. Vaatamata standardsuurusele pakub see 1 kausiga kraanikauss koos pool\u00e4ravooluga tugevat ja mahukat kaussi. Valamu nurgas on auk segisti jaoks. Selline lahendus pakub t\u00f6\u00f6ruumi suurimate k\u00f6\u00f6gin\u00f5ude, n\u00e4iteks pottide ja k\u00fcpsetusplaatide pesemiseks. Veel \u00fcks valamu eelis on selle p\u00f6\u00f6rlemise v\u00f5imalus. Selle Pionieri valamu saab paigaldada t\u00f6\u00f6pinnale nii, et \u00e4ravool on kas vasakul [&hellip;]<\/p>\n","protected":false},"featured_media":3783,"template":"","meta":[],"product_brand":[],"product_cat":[2733,2730],"product_tag":[],"product-combo":[5103],"plc":[],"edasimyyja":[],"class_list":{"0":"post-4494","1":"product","2":"type-product","3":"status-publish","4":"has-post-thumbnail","6":"product_cat-1-valamuga","7":"product_cat-graniitvalamud","8":"product_shipping_class-home-delivery-et","9":"pa_automatic-drain-shut-off-yes-et","10":"pa_code-sbr-713t-et","11":"pa_connection-to-a-dishwasher-yes-et","12":"pa_depth-of-bowl-190-mm-et","13":"pa_drain-35-et","14":"pa_ean-5907791168702-et","15":"pa_finish-black-et","16":"pa_for-cabinet-600-mm-et","17":"pa_length-780-mm-et","18":"pa_model-rectangular-1-bowl-et","19":"pa_producer-laveo-et","20":"pa_resistant-to-thermal-shock-yes-et","21":"pa_reversible-yes-et","22":"pa_series-pionier-et","23":"pa_width-500-mm-et","24":"product-combo-pionier-2","26":"first","27":"outofstock","28":"purchasable","29":"product-type-simple"},"_links":{"self":[{"href":"https:\/\/laveo.sau.ee\/en\/wp-json\/wp\/v2\/product\/4494","targetHints":{"allow":["GET"]}}],"collection":[{"href":"https:\/\/laveo.sau.ee\/en\/wp-json\/wp\/v2\/product"}],"about":[{"href":"https:\/\/laveo.sau.ee\/en\/wp-json\/wp\/v2\/types\/product"}],"wp:featuredmedia":[{"embeddable":true,"href":"https:\/\/laveo.sau.ee\/en\/wp-json\/wp\/v2\/media\/3783"}],"wp:attachment":[{"href":"https:\/\/laveo.sau.ee\/en\/wp-json\/wp\/v2\/media?parent=4494"}],"wp:term":[{"taxonomy":"product_brand","embeddable":true,"href":"https:\/\/laveo.sau.ee\/en\/wp-json\/wp\/v2\/product_brand?post=4494"},{"taxonomy":"product_cat","embeddable":true,"href":"https:\/\/laveo.sau.ee\/en\/wp-json\/wp\/v2\/product_cat?post=4494"},{"taxonomy":"product_tag","embeddable":true,"href":"https:\/\/laveo.sau.ee\/en\/wp-json\/wp\/v2\/product_tag?post=4494"},{"taxonomy":"product-combo","embeddable":true,"href":"https:\/\/laveo.sau.ee\/en\/wp-json\/wp\/v2\/product-combo?post=4494"},{"taxonomy":"plc","embeddable":true,"href":"https:\/\/laveo.sau.ee\/en\/wp-json\/wp\/v2\/plc?post=4494"},{"taxonomy":"edasimyyja","embeddable":true,"href":"https:\/\/laveo.sau.ee\/en\/wp-json\/wp\/v2\/edasimyyja?post=4494"}],"curies":[{"name":"wp","href":"https:\/\/api.w.org\/{rel}","templated":true}]}}