{"id":4479,"date":"2023-03-30T13:33:42","date_gmt":"2023-03-30T10:33:42","guid":{"rendered":"https:\/\/dev.infinit.ee\/prod\/pola-bath-mixer-for-concealed-installation-with-a-shower-set-5\/"},"modified":"2026-04-16T10:50:18","modified_gmt":"2026-04-16T07:50:18","slug":"pola-bath-mixer-for-concealed-installation-with-a-shower-set-5","status":"publish","type":"product","link":"https:\/\/laveo.sau.ee\/en\/product\/pola-bath-mixer-for-concealed-installation-with-a-shower-set-5\/","title":{"rendered":"Pola &#8211; vannisegisti varjatud paigaldamiseks koos du\u0161ikomplektiga"},"content":{"rendered":"<p>Laveo Pola seeria. Sihvakas, kergelt \u00fcmar joon ja pisike vorm on \u00fcks kraanin\u00f5ude eeliseid, mis meelitab neid valima \u00e4sja renoveeritud interj\u00f6\u00f6ri. Soovitatav eriti v\u00e4ikestesse vannitubadesse, kus iga sentimeeter loeb ja visuaalne efekt t\u00f5mbab t\u00e4helepanu.<br \/>\nTegelikult on Pola kollektsioon v\u00e4rvide poolest k\u00f5ige laiendatum sari. See on saadaval neljas viimistluses, klassikaline kroom, erakordselt moekas must, roosa kuld ja kuldne. Klassikaline kroomitud viimistlus tagab elegantsi, must v\u00e4rv on julge viimistlus, mis sobib lofti v\u00f5i Skandinaavia stiilis paigutuse t\u00e4ienduseks, samas kui kuldsegistid on ideaalne lahendus neile, kes hoolitsevad glamuurses stiilis seadmete pisidetailide eest. Selliseid kraanin\u00f5usid v\u00f5ib nimetada uue vannitoa eheteks. Pakkumine sisaldab laia valikut vannitoa kraanin\u00f5usid, sealhulgas du\u0161isegisti varjatud paigaldamiseks, vannisegisti varjatud paigaldamiseks ja eraldiseisev vannisegisti. Ebatavaline disain, usaldusv\u00e4\u00e4rne funktsionaalsus ja t\u00e4helepanu detailidele tegid sellest \u00fche populaarseima tootesarja. Messingist valmistatud ja keraamiliste padrunitega varustatud kraanin\u00f5ud tagavad vastupidavuse ja t\u00f6\u00f6kindluse. Sarja t\u00e4iendavad U-kujulise tilaga p\u00fcstised valamusegistid. Nende hulgas on liigutatava tilaga mudel, samas kui tila ja hoob on viimistletud kroomiga, samas kui segisti korpus on saadaval viies viimistluses. Teine mudel on elastse tilaga k\u00f6\u00f6gisegisti, mida on saadaval koguni seitsmes v\u00e4rvivariandis. Lai v\u00e4rvivalik v\u00f5imaldab segisti h\u00f5lpsasti sobitada praeguse kliimaga.<br \/>\nKorpuse ja tila kergelt \u00fcmarad kujundid h\u00f5lbustavad toote puhastamist ning veepiisad voolavad sellest vabalt ega kogune selle pinnale, v\u00e4ltides katlakivi plekkide teket. Seet\u00f5ttu on see lahendus ka neile, kes hindavad v\u00f5imalust hoida vannituba laitmatus puhtuses.<\/p>\n","protected":false},"excerpt":{"rendered":"<p>Laveo Pola seeria. Sihvakas, kergelt \u00fcmar joon ja pisike vorm on \u00fcks kraanin\u00f5ude eeliseid, mis meelitab neid valima \u00e4sja renoveeritud interj\u00f6\u00f6ri. Soovitatav eriti v\u00e4ikestesse vannitubadesse, kus iga sentimeeter loeb ja visuaalne efekt t\u00f5mbab t\u00e4helepanu. Tegelikult on Pola kollektsioon v\u00e4rvide poolest k\u00f5ige laiendatum sari. See on saadaval neljas viimistluses, klassikaline kroom, erakordselt moekas must, roosa kuld [&hellip;]<\/p>\n","protected":false},"featured_media":3796,"template":"","meta":[],"product_brand":[],"product_cat":[2712,2743,2739,2729,2725,2724],"product_tag":[],"product-combo":[5199],"plc":[],"edasimyyja":[],"class_list":{"0":"post-4479","1":"product","2":"type-product","3":"status-publish","4":"has-post-thumbnail","6":"product_cat-dusid","7":"product_cat-dusikomplektid-suvistatavad","8":"product_cat-peidetud-dusipaneel","9":"product_cat-suvistatavad-segistid","10":"product_cat-vannisegistid","11":"product_cat-vannitoa-segistid","12":"pa_acoustic-group-i--20-db-et","13":"pa_additional-functions-with-anti-twist-system-with-anti-limescale-system-et","14":"pa_code-bap-011p-et","15":"pa_concealed-box-yes-et","16":"pa_ean-5907791182944-et","17":"pa_finish-chrome-et","18":"pa_flow-class-a--15-l-min-s--198-l-min-et","19":"pa_head-diameter-35-mm-et","20":"pa_method-of-installation-concealed-et","21":"pa_producer-laveo-et","22":"pa_range-of-spout-188-mm-et","23":"pa_series-pola-et","24":"pa_type-2-mixer-included-et","25":"pa_type-of-cartridge-ceramic-et","26":"pa_type-of-handle-single-lever-et","27":"pa_type-of-spout-fixed-et","28":"product-combo-pola-bath-mix-2","30":"first","31":"instock","32":"purchasable","33":"product-type-simple"},"_links":{"self":[{"href":"https:\/\/laveo.sau.ee\/en\/wp-json\/wp\/v2\/product\/4479","targetHints":{"allow":["GET"]}}],"collection":[{"href":"https:\/\/laveo.sau.ee\/en\/wp-json\/wp\/v2\/product"}],"about":[{"href":"https:\/\/laveo.sau.ee\/en\/wp-json\/wp\/v2\/types\/product"}],"wp:featuredmedia":[{"embeddable":true,"href":"https:\/\/laveo.sau.ee\/en\/wp-json\/wp\/v2\/media\/3796"}],"wp:attachment":[{"href":"https:\/\/laveo.sau.ee\/en\/wp-json\/wp\/v2\/media?parent=4479"}],"wp:term":[{"taxonomy":"product_brand","embeddable":true,"href":"https:\/\/laveo.sau.ee\/en\/wp-json\/wp\/v2\/product_brand?post=4479"},{"taxonomy":"product_cat","embeddable":true,"href":"https:\/\/laveo.sau.ee\/en\/wp-json\/wp\/v2\/product_cat?post=4479"},{"taxonomy":"product_tag","embeddable":true,"href":"https:\/\/laveo.sau.ee\/en\/wp-json\/wp\/v2\/product_tag?post=4479"},{"taxonomy":"product-combo","embeddable":true,"href":"https:\/\/laveo.sau.ee\/en\/wp-json\/wp\/v2\/product-combo?post=4479"},{"taxonomy":"plc","embeddable":true,"href":"https:\/\/laveo.sau.ee\/en\/wp-json\/wp\/v2\/plc?post=4479"},{"taxonomy":"edasimyyja","embeddable":true,"href":"https:\/\/laveo.sau.ee\/en\/wp-json\/wp\/v2\/edasimyyja?post=4479"}],"curies":[{"name":"wp","href":"https:\/\/api.w.org\/{rel}","templated":true}]}}