{"id":4478,"date":"2023-03-30T13:33:42","date_gmt":"2023-03-30T10:33:42","guid":{"rendered":"https:\/\/dev.infinit.ee\/prod\/plato-wall-mounted-shower-mixer-without-shower-set-2\/"},"modified":"2026-04-16T10:50:18","modified_gmt":"2026-04-16T07:50:18","slug":"plato-wall-mounted-shower-mixer-without-shower-set-2","status":"publish","type":"product","link":"https:\/\/laveo.sau.ee\/en\/product\/plato-wall-mounted-shower-mixer-without-shower-set-2\/","title":{"rendered":"Plato &#8211; seinale paigaldatav du\u0161isegisti ilma du\u0161ikomplektita"},"content":{"rendered":"<p>Plato vannitoa segistid moodustavad geomeetriliste kujundite ja kergelt \u00fcmarate servadega seeria. Selline kraaniviimistlus r\u00f5hutab vannitoa sisemust. Kollektsioon pakub kroomitud \u00fche k\u00e4epidemega segisteid, mis on varustatud 35 mm l\u00e4bim\u00f5\u00f5duga keraamilise kassetiga ja see muudab segisti kasutamise t\u00e4pseks ja lihtsaks kogu eluea jooksul. Segistite hulgast v\u00f5ib leida du\u0161\u0161i, vanni, bidee, kraanikausi, sealhulgas anduriga valamu mudeleid. Sensorsegistid on varustatud sisemise anduriga, mis tuvastab liikumise vahemikus 12 kuni 18 cm. Vesi lakkab voolamast kohe p\u00e4rast k\u00e4te tilast eemaldumist v\u00f5i minuti p\u00e4rast, kui turval\u00fcliti rakendub, mis soodustab veetarbimise v\u00e4hendamist, mist\u00f5ttu on sellised segistid eriti soovitatavad avalikes kohtades ja v\u00e4ikelaste vannitubades. T\u00e4iendavad piirangud ja sellest tulenevad v\u00e4iksemad arved tagab madal vooluklass Z. Korpusega integreeritud l\u00fcliti v\u00f5imaldab voolu temperatuuri reguleerida iga kord vastavalt kasutajate individuaalsetele vajadustele.<br \/>\nSensorsegistite mudelid on saadaval kahes variandis, millel on integreeritud reguleerimine segisti k\u00fcljel ja v\u00e4line reguleerimine, mis on peidetud t\u00f6\u00f6pinna alla. Liikumisanduriga k\u00e4ivitatud segistid on saadaval kahes k\u00f5ige populaarsemas viimistlusversioonis: klassikaline kroom ja elegantne must.<\/p>\n","protected":false},"excerpt":{"rendered":"<p>Plato vannitoa segistid moodustavad geomeetriliste kujundite ja kergelt \u00fcmarate servadega seeria. Selline kraaniviimistlus r\u00f5hutab vannitoa sisemust. Kollektsioon pakub kroomitud \u00fche k\u00e4epidemega segisteid, mis on varustatud 35 mm l\u00e4bim\u00f5\u00f5duga keraamilise kassetiga ja see muudab segisti kasutamise t\u00e4pseks ja lihtsaks kogu eluea jooksul. Segistite hulgast v\u00f5ib leida du\u0161\u0161i, vanni, bidee, kraanikausi, sealhulgas anduriga valamu mudeleid. Sensorsegistid on [&hellip;]<\/p>\n","protected":false},"featured_media":3795,"template":"","meta":[],"product_brand":[],"product_cat":[2728,2724],"product_tag":[],"product-combo":[],"plc":[],"edasimyyja":[],"class_list":{"0":"post-4478","1":"product","2":"type-product","3":"status-publish","4":"has-post-thumbnail","6":"product_cat-dusisegistid","7":"product_cat-vannitoa-segistid","8":"pa_acoustic-group-i--20-db-et","9":"pa_code-bly-040d-et","10":"pa_ean-5907791127624-et","11":"pa_finish-chrome-et","12":"pa_flow-class-a--15-l-min-et","13":"pa_head-diameter-35-mm-et","14":"pa_method-of-installation-wall-mounted-et","15":"pa_producer-laveo-et","16":"pa_range-of-spout-glebokosc-130-mm-et","17":"pa_series-plato-et","18":"pa_service-at-customers-location-yes-et","19":"pa_total-mixer-height-103-mm-et","20":"pa_type-of-cartridge-ceramic-et","21":"pa_type-of-handle-single-lever-et","22":"pa_years-of-warranty-8-see-warranty-terms-et","24":"first","25":"instock","26":"purchasable","27":"product-type-simple"},"_links":{"self":[{"href":"https:\/\/laveo.sau.ee\/en\/wp-json\/wp\/v2\/product\/4478","targetHints":{"allow":["GET"]}}],"collection":[{"href":"https:\/\/laveo.sau.ee\/en\/wp-json\/wp\/v2\/product"}],"about":[{"href":"https:\/\/laveo.sau.ee\/en\/wp-json\/wp\/v2\/types\/product"}],"wp:featuredmedia":[{"embeddable":true,"href":"https:\/\/laveo.sau.ee\/en\/wp-json\/wp\/v2\/media\/3795"}],"wp:attachment":[{"href":"https:\/\/laveo.sau.ee\/en\/wp-json\/wp\/v2\/media?parent=4478"}],"wp:term":[{"taxonomy":"product_brand","embeddable":true,"href":"https:\/\/laveo.sau.ee\/en\/wp-json\/wp\/v2\/product_brand?post=4478"},{"taxonomy":"product_cat","embeddable":true,"href":"https:\/\/laveo.sau.ee\/en\/wp-json\/wp\/v2\/product_cat?post=4478"},{"taxonomy":"product_tag","embeddable":true,"href":"https:\/\/laveo.sau.ee\/en\/wp-json\/wp\/v2\/product_tag?post=4478"},{"taxonomy":"product-combo","embeddable":true,"href":"https:\/\/laveo.sau.ee\/en\/wp-json\/wp\/v2\/product-combo?post=4478"},{"taxonomy":"plc","embeddable":true,"href":"https:\/\/laveo.sau.ee\/en\/wp-json\/wp\/v2\/plc?post=4478"},{"taxonomy":"edasimyyja","embeddable":true,"href":"https:\/\/laveo.sau.ee\/en\/wp-json\/wp\/v2\/edasimyyja?post=4478"}],"curies":[{"name":"wp","href":"https:\/\/api.w.org\/{rel}","templated":true}]}}