{"id":4429,"date":"2023-03-30T13:34:33","date_gmt":"2023-03-30T10:34:33","guid":{"rendered":"https:\/\/dev.infinit.ee\/prod\/preparation-for-cleaning-granite-sinks-2\/"},"modified":"2026-02-16T12:02:06","modified_gmt":"2026-02-16T10:02:06","slug":"preparation-for-cleaning-granite-sinks-2","status":"publish","type":"product","link":"https:\/\/laveo.sau.ee\/en\/product\/preparation-for-cleaning-granite-sinks-2\/","title":{"rendered":"Ettevalmistus graniidist valamute puhastamiseks"},"content":{"rendered":"<p>K\u00f6\u00f6k ja vannituba on kohad, mida puhastatakse k\u00f5ige sagedamini.<br \/>\nSuured pinnad, mis vajavad puhastamist, arvukad nurgad ja igap\u00e4evane kasutamine muudavad l\u00e4ike v\u00f5i hoolduse t\u00e4iuslikus puhtuses \u00fcsna palju vaeva ja veelgi rohkem aega.<br \/>\nSelleks, et \u00fclesanded oleksid v\u00e4hem koormavad ja isegi julgustaksid kiiret puhastamist ilma liigse vaevata, tasub proovida preparaate, mis v\u00f5imaldavad mustuse t\u00f5husalt eemaldada ja s\u00e4ilitada v\u00e4rskuse efekti nii kaua kui v\u00f5imalik.<br \/>\nLaveo kaubam\u00e4rk pakub preparaate, mis v\u00f5imaldavad saavutada soovitud efekti.<br \/>\nNende hulgas on saadaval puhastusvahendid nii k\u00f6\u00f6gi kui ka vannitoa jaoks.<br \/>\nValamute eest saab hoolitseda t\u00e4nu: Ettevalmistused terasest valamute puhastamiseks, Ettevalmistused graniidist valamute puhastamiseks, Ettevalmistused graniidist valamute hoolduseks.<br \/>\nSegistitele pakub Laveo kaubam\u00e4rk kahte varianti: Ettevalmistused vannitoa- ja k\u00f6\u00f6gisegistite puhastamiseks ja hooldamiseks ning Ettevalmistused v\u00e4rvisegistite puhastamiseks ja hooldamiseks.<br \/>\nNeed on t\u00f5husad preparaadid, mis h\u00f5lbustavad vee v\u00e4ljavoolu toodetest, kaitsevad voolude tekke eest ja v\u00f5imaldavad eemaldada katlakivi pindadelt.<\/p>\n","protected":false},"excerpt":{"rendered":"<p>K\u00f6\u00f6k ja vannituba on kohad, mida puhastatakse k\u00f5ige sagedamini. Suured pinnad, mis vajavad puhastamist, arvukad nurgad ja igap\u00e4evane kasutamine muudavad l\u00e4ike v\u00f5i hoolduse t\u00e4iuslikus puhtuses \u00fcsna palju vaeva ja veelgi rohkem aega. Selleks, et \u00fclesanded oleksid v\u00e4hem koormavad ja isegi julgustaksid kiiret puhastamist ilma liigse vaevata, tasub proovida preparaate, mis v\u00f5imaldavad mustuse t\u00f5husalt eemaldada ja [&hellip;]<\/p>\n","protected":false},"featured_media":3873,"template":"","meta":[],"product_brand":[],"product_cat":[2714,2719,2722],"product_tag":[],"product-combo":[],"plc":[],"edasimyyja":[5212],"class_list":{"0":"post-4429","1":"product","2":"type-product","3":"status-publish","4":"has-post-thumbnail","6":"product_cat-lisatarvikud","7":"product_cat-lisatarvikud-kooki","8":"product_cat-puhastusvahendid","9":"product_shipping_class-pickup-point-2","10":"pa_code-okt-020t-et","11":"pa_ean-5907791155429-et","12":"pa_producer-laveo-et","13":"edasimyyja-on24-2","15":"first","16":"instock","17":"purchasable","18":"product-type-simple"},"_links":{"self":[{"href":"https:\/\/laveo.sau.ee\/en\/wp-json\/wp\/v2\/product\/4429","targetHints":{"allow":["GET"]}}],"collection":[{"href":"https:\/\/laveo.sau.ee\/en\/wp-json\/wp\/v2\/product"}],"about":[{"href":"https:\/\/laveo.sau.ee\/en\/wp-json\/wp\/v2\/types\/product"}],"wp:featuredmedia":[{"embeddable":true,"href":"https:\/\/laveo.sau.ee\/en\/wp-json\/wp\/v2\/media\/3873"}],"wp:attachment":[{"href":"https:\/\/laveo.sau.ee\/en\/wp-json\/wp\/v2\/media?parent=4429"}],"wp:term":[{"taxonomy":"product_brand","embeddable":true,"href":"https:\/\/laveo.sau.ee\/en\/wp-json\/wp\/v2\/product_brand?post=4429"},{"taxonomy":"product_cat","embeddable":true,"href":"https:\/\/laveo.sau.ee\/en\/wp-json\/wp\/v2\/product_cat?post=4429"},{"taxonomy":"product_tag","embeddable":true,"href":"https:\/\/laveo.sau.ee\/en\/wp-json\/wp\/v2\/product_tag?post=4429"},{"taxonomy":"product-combo","embeddable":true,"href":"https:\/\/laveo.sau.ee\/en\/wp-json\/wp\/v2\/product-combo?post=4429"},{"taxonomy":"plc","embeddable":true,"href":"https:\/\/laveo.sau.ee\/en\/wp-json\/wp\/v2\/plc?post=4429"},{"taxonomy":"edasimyyja","embeddable":true,"href":"https:\/\/laveo.sau.ee\/en\/wp-json\/wp\/v2\/edasimyyja?post=4429"}],"curies":[{"name":"wp","href":"https:\/\/api.w.org\/{rel}","templated":true}]}}