{"id":4400,"date":"2023-03-30T13:34:46","date_gmt":"2023-03-30T10:34:46","guid":{"rendered":"https:\/\/dev.infinit.ee\/prod\/pretto-four-hole-bath-mixer-6\/"},"modified":"2026-04-16T10:50:17","modified_gmt":"2026-04-16T07:50:17","slug":"pretto-four-hole-bath-mixer-6","status":"publish","type":"product","link":"https:\/\/laveo.sau.ee\/en\/product\/pretto-four-hole-bath-mixer-6\/","title":{"rendered":"Pretto &#8211; nelja auguga vannisegisti"},"content":{"rendered":"<p>Pretto \u2013 hitt sisustusturul. Laveo lipulaev kraanin\u00f5ude sari, mis v\u00f5itis mitte ainult klientide, vaid ka arhitektide ja ideekonkursside \u017e\u00fcrii s\u00fcdame. Pretto p\u00e4lvis tunnustuse Villa sisustusajakirja Villa korraldatud konkursil &#8220;Z\u0142ota Villa&#8221; (Kuldne Villa), kirjastuse Publikator korraldatud konkursil &#8220;\u0141azienka \u2013 Wyb\u00f3r Roku&#8221; (Vannituba \u2013 Aasta valik). Pretto v\u00f5itis ka ajakirja Dobre Wn\u0119trze (Hea interj\u00f6\u00f6r) lugejate poolt v\u00e4lja antud auhinna &#8220;Design dla Konesera&#8221; (Disain asjatundjale) ning j\u00f5udis T\u00f6\u00f6stusdisaini Instituudi korraldatud konkursi &#8220;Dobry Wz\u00f3r&#8221; (Hea disain) finalistiks. Toote ainulaadne disain viitab Skandinaavia seadetele. See sobib suurep\u00e4raselt p\u00f6\u00f6ninguinterj\u00f6\u00f6ridesse, kus on t\u00f6\u00f6stuslikud lisandid, nagu betoon, tellis v\u00f5i teras.<br \/>\nPretto on saadaval kolmes viimistluses. Tavalises kroomis, viimasel ajal v\u00e4ga moes mustas ja ebatavalises hallis v\u00e4rvitoonis.<br \/>\nPretto kraanin\u00f5ude kollektsioon on rikkalik sellistes mudelites nagu peenemad lahendused varjatud paigaldusega du\u0161\u0161idele, termostaadid v\u00f5i p\u00f5randal seisvad vannisegistid &#8211; ideaalne koduspaadesse.<br \/>\nSegistid on varustatud Neoperli aeraatoritega, mis \u00f5hutavad vett. T\u00e4nu sellele on veejuga mahult suur ja pehme, samas kui veetarbimine v\u00e4heneb. K\u00f5ige sagedamini kasutatavate valamusegistite oluline v\u00f5imalus on reguleeritav veevoolu nurk, mis v\u00f5imaldab voolu juhtida, et valamu kasutamine oleks v\u00f5imalikult mugav.<br \/>\nPretto segistite seeriat t\u00e4iendavad du\u0161ilahendused, du\u0161ikomplektid, sambad, k\u00e4sidu\u0161id ning du\u0161ivoolikud ja kronsteinid, mis k\u00f5ik on disainilt \u00fchtsed.<\/p>\n","protected":false},"excerpt":{"rendered":"<p>Pretto \u2013 hitt sisustusturul. Laveo lipulaev kraanin\u00f5ude sari, mis v\u00f5itis mitte ainult klientide, vaid ka arhitektide ja ideekonkursside \u017e\u00fcrii s\u00fcdame. Pretto p\u00e4lvis tunnustuse Villa sisustusajakirja Villa korraldatud konkursil &#8220;Z\u0142ota Villa&#8221; (Kuldne Villa), kirjastuse Publikator korraldatud konkursil &#8220;\u0141azienka \u2013 Wyb\u00f3r Roku&#8221; (Vannituba \u2013 Aasta valik). Pretto v\u00f5itis ka ajakirja Dobre Wn\u0119trze (Hea interj\u00f6\u00f6r) lugejate poolt v\u00e4lja [&hellip;]<\/p>\n","protected":false},"featured_media":3884,"template":"","meta":[],"product_brand":[],"product_cat":[2725,2724],"product_tag":[],"product-combo":[],"plc":[],"edasimyyja":[],"class_list":{"0":"post-4400","1":"product","2":"type-product","3":"status-publish","4":"has-post-thumbnail","6":"product_cat-vannisegistid","7":"product_cat-vannitoa-segistid","8":"pa_acoustic-group-i--20-db-et","9":"pa_code-bao-714d-et","10":"pa_ean-5907791146977-et","11":"pa_finish-black-et","12":"pa_flow-class-a--15-l-min-et","13":"pa_head-diameter-30-mm-et","14":"pa_method-of-installation-upright-deck-mounted-et","15":"pa_producer-laveo-et","16":"pa_range-of-spout-206-mm-et","17":"pa_series-pretto-et","18":"pa_service-at-customers-location-yes-et","19":"pa_total-mixer-height-158-mm-et","20":"pa_type-of-cartridge-ceramic-et","21":"pa_type-of-handle-single-lever-et","22":"pa_type-of-spout-fixed-et","24":"first","25":"instock","26":"purchasable","27":"product-type-simple"},"_links":{"self":[{"href":"https:\/\/laveo.sau.ee\/en\/wp-json\/wp\/v2\/product\/4400","targetHints":{"allow":["GET"]}}],"collection":[{"href":"https:\/\/laveo.sau.ee\/en\/wp-json\/wp\/v2\/product"}],"about":[{"href":"https:\/\/laveo.sau.ee\/en\/wp-json\/wp\/v2\/types\/product"}],"wp:featuredmedia":[{"embeddable":true,"href":"https:\/\/laveo.sau.ee\/en\/wp-json\/wp\/v2\/media\/3884"}],"wp:attachment":[{"href":"https:\/\/laveo.sau.ee\/en\/wp-json\/wp\/v2\/media?parent=4400"}],"wp:term":[{"taxonomy":"product_brand","embeddable":true,"href":"https:\/\/laveo.sau.ee\/en\/wp-json\/wp\/v2\/product_brand?post=4400"},{"taxonomy":"product_cat","embeddable":true,"href":"https:\/\/laveo.sau.ee\/en\/wp-json\/wp\/v2\/product_cat?post=4400"},{"taxonomy":"product_tag","embeddable":true,"href":"https:\/\/laveo.sau.ee\/en\/wp-json\/wp\/v2\/product_tag?post=4400"},{"taxonomy":"product-combo","embeddable":true,"href":"https:\/\/laveo.sau.ee\/en\/wp-json\/wp\/v2\/product-combo?post=4400"},{"taxonomy":"plc","embeddable":true,"href":"https:\/\/laveo.sau.ee\/en\/wp-json\/wp\/v2\/plc?post=4400"},{"taxonomy":"edasimyyja","embeddable":true,"href":"https:\/\/laveo.sau.ee\/en\/wp-json\/wp\/v2\/edasimyyja?post=4400"}],"curies":[{"name":"wp","href":"https:\/\/api.w.org\/{rel}","templated":true}]}}