{"id":4384,"date":"2023-03-30T13:35:04","date_gmt":"2023-03-30T10:35:04","guid":{"rendered":"https:\/\/dev.infinit.ee\/prod\/pretto-silicone-shower-hose-1500-mm-6\/"},"modified":"2026-02-16T12:02:05","modified_gmt":"2026-02-16T10:02:05","slug":"pretto-silicone-shower-hose-1500-mm-6","status":"publish","type":"product","link":"https:\/\/laveo.sau.ee\/en\/product\/pretto-silicone-shower-hose-1500-mm-6\/","title":{"rendered":"Pretto &#8211; silikoonist du\u0161ivoolik 1500 mm"},"content":{"rendered":"<p>Pretto du\u0161ivoolikud on alternatiiv traditsioonilistele kroomitud du\u0161ivoolikutele.<br \/>\nKuna Laveo kaubam\u00e4rk pakub moodsates v\u00e4rvides silikoonvoolikuid.<br \/>\nPakkumises on kolm viimistlust: hall, grafiit, must, t\u00e4nu millele saab neid h\u00f5lpsasti sobitada vannitoa sisekujundusega.<br \/>\nVoolikud on valmistatud elastsest ja kvaliteetsest silikoonkattega EPDM-kummist, mida on meeldiv puudutada.<br \/>\nRakendatud keerdumisvastane s\u00fcsteem h\u00f5lbustab toote kasutamist du\u0161i all ja hoiab \u00e4ra du\u0161ivooliku v\u00e4\u00e4ndumise.<\/p>\n","protected":false},"excerpt":{"rendered":"<p>Pretto du\u0161ivoolikud on alternatiiv traditsioonilistele kroomitud du\u0161ivoolikutele. Kuna Laveo kaubam\u00e4rk pakub moodsates v\u00e4rvides silikoonvoolikuid. Pakkumises on kolm viimistlust: hall, grafiit, must, t\u00e4nu millele saab neid h\u00f5lpsasti sobitada vannitoa sisekujundusega. Voolikud on valmistatud elastsest ja kvaliteetsest silikoonkattega EPDM-kummist, mida on meeldiv puudutada. Rakendatud keerdumisvastane s\u00fcsteem h\u00f5lbustab toote kasutamist du\u0161i all ja hoiab \u00e4ra du\u0161ivooliku v\u00e4\u00e4ndumise.<\/p>\n","protected":false},"featured_media":3908,"template":"","meta":[],"product_brand":[],"product_cat":[2718,2714,2716],"product_tag":[],"product-combo":[],"plc":[],"edasimyyja":[],"class_list":{"0":"post-4384","1":"product","2":"type-product","3":"status-publish","4":"has-post-thumbnail","6":"product_cat-dusivoolikud","7":"product_cat-lisatarvikud","8":"product_cat-lisatarvikud-vannituppa","9":"product_shipping_class-pickup-point-2","10":"pa_additional-functions-with-anti-twist-system-et","11":"pa_code-crp-74pd-et","12":"pa_ean-5907791147318-et","13":"pa_finish-black-et","14":"pa_hose-anti-twist-system-yes-et","15":"pa_length-1500-mm-et","16":"pa_producer-laveo-et","17":"pa_series-pretto-et","18":"pa_shower-hose-material-epdm-rubber-in-a-silicone-coating-et","19":"pa_years-of-warranty-5-see-warranty-terms-et","21":"first","22":"instock","23":"purchasable","24":"product-type-simple"},"_links":{"self":[{"href":"https:\/\/laveo.sau.ee\/en\/wp-json\/wp\/v2\/product\/4384","targetHints":{"allow":["GET"]}}],"collection":[{"href":"https:\/\/laveo.sau.ee\/en\/wp-json\/wp\/v2\/product"}],"about":[{"href":"https:\/\/laveo.sau.ee\/en\/wp-json\/wp\/v2\/types\/product"}],"wp:featuredmedia":[{"embeddable":true,"href":"https:\/\/laveo.sau.ee\/en\/wp-json\/wp\/v2\/media\/3908"}],"wp:attachment":[{"href":"https:\/\/laveo.sau.ee\/en\/wp-json\/wp\/v2\/media?parent=4384"}],"wp:term":[{"taxonomy":"product_brand","embeddable":true,"href":"https:\/\/laveo.sau.ee\/en\/wp-json\/wp\/v2\/product_brand?post=4384"},{"taxonomy":"product_cat","embeddable":true,"href":"https:\/\/laveo.sau.ee\/en\/wp-json\/wp\/v2\/product_cat?post=4384"},{"taxonomy":"product_tag","embeddable":true,"href":"https:\/\/laveo.sau.ee\/en\/wp-json\/wp\/v2\/product_tag?post=4384"},{"taxonomy":"product-combo","embeddable":true,"href":"https:\/\/laveo.sau.ee\/en\/wp-json\/wp\/v2\/product-combo?post=4384"},{"taxonomy":"plc","embeddable":true,"href":"https:\/\/laveo.sau.ee\/en\/wp-json\/wp\/v2\/plc?post=4384"},{"taxonomy":"edasimyyja","embeddable":true,"href":"https:\/\/laveo.sau.ee\/en\/wp-json\/wp\/v2\/edasimyyja?post=4384"}],"curies":[{"name":"wp","href":"https:\/\/api.w.org\/{rel}","templated":true}]}}