{"id":4351,"date":"2023-03-30T13:35:19","date_gmt":"2023-03-30T10:35:19","guid":{"rendered":"https:\/\/dev.infinit.ee\/prod\/pretto-upright-countertop-washbasin-mixer-4\/"},"modified":"2026-02-16T12:02:05","modified_gmt":"2026-02-16T10:02:05","slug":"pretto-upright-countertop-washbasin-mixer-4","status":"publish","type":"product","link":"https:\/\/laveo.sau.ee\/en\/product\/pretto-upright-countertop-washbasin-mixer-4\/","title":{"rendered":"Pretto &#8211; p\u00fcstine t\u00f6\u00f6pinnale paigaldatav valamusegisti"},"content":{"rendered":"","protected":false},"excerpt":{"rendered":"","protected":false},"featured_media":3915,"template":"","meta":[],"product_brand":[],"product_cat":[2726,2724],"product_tag":[],"product-combo":[],"plc":[],"edasimyyja":[5212],"class_list":{"0":"post-4351","1":"product","2":"type-product","3":"status-publish","4":"has-post-thumbnail","6":"product_cat-valamusegistid","7":"product_cat-vannitoa-segistid","8":"pa_acoustic-group-i--20-db-et","9":"pa_code-bao-02nd-et","10":"pa_connecting-hose-length-400-mm-et","11":"pa_ean-5907791146809-et","12":"pa_finish-chrome-et","13":"pa_head-diameter-25-mm-et","14":"pa_method-of-installation-upright-countertop-et","15":"pa_producer-laveo-et","16":"pa_range-of-spout-183-mm-et","17":"pa_series-pretto-et","18":"pa_total-mixer-height-292-mm-et","19":"pa_type-of-cartridge-ceramic-et","20":"pa_type-of-handle-single-lever-et","21":"pa_type-of-plug-click-clack-et","22":"pa_type-of-spout-fixed-et","23":"edasimyyja-on24-2","25":"first","26":"outofstock","27":"purchasable","28":"product-type-simple"},"_links":{"self":[{"href":"https:\/\/laveo.sau.ee\/en\/wp-json\/wp\/v2\/product\/4351","targetHints":{"allow":["GET"]}}],"collection":[{"href":"https:\/\/laveo.sau.ee\/en\/wp-json\/wp\/v2\/product"}],"about":[{"href":"https:\/\/laveo.sau.ee\/en\/wp-json\/wp\/v2\/types\/product"}],"wp:featuredmedia":[{"embeddable":true,"href":"https:\/\/laveo.sau.ee\/en\/wp-json\/wp\/v2\/media\/3915"}],"wp:attachment":[{"href":"https:\/\/laveo.sau.ee\/en\/wp-json\/wp\/v2\/media?parent=4351"}],"wp:term":[{"taxonomy":"product_brand","embeddable":true,"href":"https:\/\/laveo.sau.ee\/en\/wp-json\/wp\/v2\/product_brand?post=4351"},{"taxonomy":"product_cat","embeddable":true,"href":"https:\/\/laveo.sau.ee\/en\/wp-json\/wp\/v2\/product_cat?post=4351"},{"taxonomy":"product_tag","embeddable":true,"href":"https:\/\/laveo.sau.ee\/en\/wp-json\/wp\/v2\/product_tag?post=4351"},{"taxonomy":"product-combo","embeddable":true,"href":"https:\/\/laveo.sau.ee\/en\/wp-json\/wp\/v2\/product-combo?post=4351"},{"taxonomy":"plc","embeddable":true,"href":"https:\/\/laveo.sau.ee\/en\/wp-json\/wp\/v2\/plc?post=4351"},{"taxonomy":"edasimyyja","embeddable":true,"href":"https:\/\/laveo.sau.ee\/en\/wp-json\/wp\/v2\/edasimyyja?post=4351"}],"curies":[{"name":"wp","href":"https:\/\/api.w.org\/{rel}","templated":true}]}}