{"id":4319,"date":"2023-03-30T13:35:45","date_gmt":"2023-03-30T10:35:45","guid":{"rendered":"https:\/\/dev.infinit.ee\/prod\/raila-shower-column-with-mixer-5\/"},"modified":"2026-03-12T12:02:01","modified_gmt":"2026-03-12T10:02:01","slug":"raila-shower-column-with-mixer-5","status":"publish","type":"product","link":"https:\/\/laveo.sau.ee\/en\/product\/raila-shower-column-with-mixer-5\/","title":{"rendered":"Raila \u2013 segistiga du\u0161isammas"},"content":{"rendered":"<p>Integreeritud segistiga du\u0161isambad on varustatud lamedate 20 cm l\u00e4bim\u00f5\u00f5duga vihmadu\u0161\u0161idega ja 150 cm pikkuse du\u0161ivoolikuga, millel on v\u00e4\u00e4ndumisvastane s\u00fcsteem, mis tagab mugavama du\u0161i all k\u00e4imise. Komplekti t\u00e4iendavaks eeliseks on reguleeritav vihmadu\u0161\u0161i k\u00f5rgus vastavalt kasutajate eelistustele, samas kui k\u00e4si- ja vihmadu\u0161\u0161is pakutav katlakivivastane s\u00fcsteem v\u00f5imaldab kareda vee sadestunud katlakivi h\u00f5lpsalt eemaldada. Raila sammaste eeliseks on veel \u00fcks k\u00e4sidu\u0161\u0161i kuju, mis on kujundatud nii, et see sobib ideaalselt k\u00e4ega, ja veelgi enam, pea kohal olev vihmadu\u0161\u0161 on varustatud vihmajoaga.<\/p>\n","protected":false},"excerpt":{"rendered":"<p>Integreeritud segistiga du\u0161isambad on varustatud lamedate 20 cm l\u00e4bim\u00f5\u00f5duga vihmadu\u0161\u0161idega ja 150 cm pikkuse du\u0161ivoolikuga, millel on v\u00e4\u00e4ndumisvastane s\u00fcsteem, mis tagab mugavama du\u0161i all k\u00e4imise. Komplekti t\u00e4iendavaks eeliseks on reguleeritav vihmadu\u0161\u0161i k\u00f5rgus vastavalt kasutajate eelistustele, samas kui k\u00e4si- ja vihmadu\u0161\u0161is pakutav katlakivivastane s\u00fcsteem v\u00f5imaldab kareda vee sadestunud katlakivi h\u00f5lpsalt eemaldada. Raila sammaste eeliseks on veel [&hellip;]<\/p>\n","protected":false},"featured_media":3962,"template":"","meta":[],"product_brand":[],"product_cat":[2712,2741],"product_tag":[],"product-combo":[5198],"plc":[],"edasimyyja":[],"class_list":{"0":"post-4319","1":"product","2":"type-product","3":"status-publish","4":"has-post-thumbnail","6":"product_cat-dusid","7":"product_cat-dusisambad","8":"pa_additional-functions-with-anti-twist-system-with-anti-limescale-system-adjustable-overhead-rain-shower-height-et","9":"pa_anti-calc-system-yes-et","10":"pa_bar-length-875-1340-mm-et","11":"pa_code-pli-70ob-et","12":"pa_depth-440-mm-et","13":"pa_ean-5907791192134-et","14":"pa_finish-black-chrome-et","15":"pa_hand-shower-jet-size-198x32-mm-et","16":"pa_height-875-1340-mm-et","17":"pa_method-of-installation-wall-mounted-et","18":"pa_number-of-hand-shower-streams-1-et","19":"pa_producer-laveo-et","20":"pa_series-raila-et","21":"pa_shower-hose-material-steel-braided-rubber-et","22":"pa_stream-types-rain-et","23":"pa_width-218-mm-et","24":"product-combo-raila-columns-2","26":"first","27":"instock","28":"purchasable","29":"product-type-simple"},"_links":{"self":[{"href":"https:\/\/laveo.sau.ee\/en\/wp-json\/wp\/v2\/product\/4319","targetHints":{"allow":["GET"]}}],"collection":[{"href":"https:\/\/laveo.sau.ee\/en\/wp-json\/wp\/v2\/product"}],"about":[{"href":"https:\/\/laveo.sau.ee\/en\/wp-json\/wp\/v2\/types\/product"}],"wp:featuredmedia":[{"embeddable":true,"href":"https:\/\/laveo.sau.ee\/en\/wp-json\/wp\/v2\/media\/3962"}],"wp:attachment":[{"href":"https:\/\/laveo.sau.ee\/en\/wp-json\/wp\/v2\/media?parent=4319"}],"wp:term":[{"taxonomy":"product_brand","embeddable":true,"href":"https:\/\/laveo.sau.ee\/en\/wp-json\/wp\/v2\/product_brand?post=4319"},{"taxonomy":"product_cat","embeddable":true,"href":"https:\/\/laveo.sau.ee\/en\/wp-json\/wp\/v2\/product_cat?post=4319"},{"taxonomy":"product_tag","embeddable":true,"href":"https:\/\/laveo.sau.ee\/en\/wp-json\/wp\/v2\/product_tag?post=4319"},{"taxonomy":"product-combo","embeddable":true,"href":"https:\/\/laveo.sau.ee\/en\/wp-json\/wp\/v2\/product-combo?post=4319"},{"taxonomy":"plc","embeddable":true,"href":"https:\/\/laveo.sau.ee\/en\/wp-json\/wp\/v2\/plc?post=4319"},{"taxonomy":"edasimyyja","embeddable":true,"href":"https:\/\/laveo.sau.ee\/en\/wp-json\/wp\/v2\/edasimyyja?post=4319"}],"curies":[{"name":"wp","href":"https:\/\/api.w.org\/{rel}","templated":true}]}}