{"id":4311,"date":"2023-03-30T13:35:45","date_gmt":"2023-03-30T10:35:45","guid":{"rendered":"https:\/\/dev.infinit.ee\/prod\/raila-upright-washbasin-mixer-6\/"},"modified":"2026-03-07T12:02:02","modified_gmt":"2026-03-07T10:02:02","slug":"raila-upright-washbasin-mixer-6","status":"publish","type":"product","link":"https:\/\/laveo.sau.ee\/en\/product\/raila-upright-washbasin-mixer-6\/","title":{"rendered":"Raila &#8211; p\u00fcstne valamusegisti"},"content":{"rendered":"<p>Raila kollektsioon on juba m\u00f5nda aega suurt edu nautinud sari, mis on populaarne valik v\u00e4rskelt renoveeritud k\u00f6\u00f6ki ja vannituppa.<br \/>\nSelle esteetilist viimistlust tasakaalustavad kerged, saledad vormid ning viimistlus t\u00f5mbab t\u00e4helepanu ja lisab elegantsi.<br \/>\nRafineeritud stiili austajad saavad valida valge viimistluse, mis sobib ideaalselt ruumi valgega, samas kui must v\u00e4rvilahendus rahuldab julgete ideede otsijate ootused ja neile, kes valivad klassika, pakutakse kroomitud viimistlust.<br \/>\nSaate valida selliste mudelite hulgast nagu kraanikauss (madal ja k\u00f5rge), vann-, du\u0161i- ja bideesegistid. Sarja t\u00e4iendab \u00fchepunktiline du\u0161ikomplekt.<br \/>\nKlassikaline p\u00fcstine segisti on elegantse silueti ja ideaalsete proportsioonidega. T\u00f5stetud korpusega segisti on varustatud pika tilaga ja sobib suurep\u00e4raselt suure t\u00f6\u00f6pinna kraanikausiga. M\u00f5lemad mudelid tarnitakse koos kl\u00f5psuga pistikuga.<br \/>\nS\u00f5ltuvalt vannikohast saate valida kas seinale kinnitatava du\u0161isegisti, vannisegisti v\u00f5i kroomitud viimistlusega du\u0161isegisti. Mis puutub viimasesse, siis k\u00f5ik kinnituselemendid on peidetud seina sisse, j\u00e4ttes \u00fcmberringi rohkem ruumi.<\/p>\n","protected":false},"excerpt":{"rendered":"<p>Raila kollektsioon on juba m\u00f5nda aega suurt edu nautinud sari, mis on populaarne valik v\u00e4rskelt renoveeritud k\u00f6\u00f6ki ja vannituppa. Selle esteetilist viimistlust tasakaalustavad kerged, saledad vormid ning viimistlus t\u00f5mbab t\u00e4helepanu ja lisab elegantsi. Rafineeritud stiili austajad saavad valida valge viimistluse, mis sobib ideaalselt ruumi valgega, samas kui must v\u00e4rvilahendus rahuldab julgete ideede otsijate ootused ja [&hellip;]<\/p>\n","protected":false},"featured_media":3954,"template":"","meta":[],"product_brand":[],"product_cat":[2726,2724],"product_tag":[],"product-combo":[],"plc":[],"edasimyyja":[],"class_list":{"0":"post-4311","1":"product","2":"type-product","3":"status-publish","4":"has-post-thumbnail","6":"product_cat-valamusegistid","7":"product_cat-vannitoa-segistid","8":"pa_acoustic-group-i--20-db-et","9":"pa_code-bll-022d-et","10":"pa_ean-5907791123145-et","11":"pa_finish-chrome-et","12":"pa_flow-class-a--15-l-min-et","13":"pa_head-diameter-35-mm-et","14":"pa_method-of-installation-upright-et","15":"pa_producer-laveo-et","16":"pa_range-of-spout-117-mm-et","17":"pa_series-raila-et","18":"pa_total-mixer-height-145-mm-et","19":"pa_type-of-cartridge-ceramic-et","20":"pa_type-of-handle-single-lever-et","21":"pa_type-of-plug-click-clack-et","22":"pa_type-of-spout-fixed-et","24":"first","25":"outofstock","26":"purchasable","27":"product-type-simple"},"_links":{"self":[{"href":"https:\/\/laveo.sau.ee\/en\/wp-json\/wp\/v2\/product\/4311","targetHints":{"allow":["GET"]}}],"collection":[{"href":"https:\/\/laveo.sau.ee\/en\/wp-json\/wp\/v2\/product"}],"about":[{"href":"https:\/\/laveo.sau.ee\/en\/wp-json\/wp\/v2\/types\/product"}],"wp:featuredmedia":[{"embeddable":true,"href":"https:\/\/laveo.sau.ee\/en\/wp-json\/wp\/v2\/media\/3954"}],"wp:attachment":[{"href":"https:\/\/laveo.sau.ee\/en\/wp-json\/wp\/v2\/media?parent=4311"}],"wp:term":[{"taxonomy":"product_brand","embeddable":true,"href":"https:\/\/laveo.sau.ee\/en\/wp-json\/wp\/v2\/product_brand?post=4311"},{"taxonomy":"product_cat","embeddable":true,"href":"https:\/\/laveo.sau.ee\/en\/wp-json\/wp\/v2\/product_cat?post=4311"},{"taxonomy":"product_tag","embeddable":true,"href":"https:\/\/laveo.sau.ee\/en\/wp-json\/wp\/v2\/product_tag?post=4311"},{"taxonomy":"product-combo","embeddable":true,"href":"https:\/\/laveo.sau.ee\/en\/wp-json\/wp\/v2\/product-combo?post=4311"},{"taxonomy":"plc","embeddable":true,"href":"https:\/\/laveo.sau.ee\/en\/wp-json\/wp\/v2\/plc?post=4311"},{"taxonomy":"edasimyyja","embeddable":true,"href":"https:\/\/laveo.sau.ee\/en\/wp-json\/wp\/v2\/edasimyyja?post=4311"}],"curies":[{"name":"wp","href":"https:\/\/api.w.org\/{rel}","templated":true}]}}