{"id":4308,"date":"2023-03-30T13:36:02","date_gmt":"2023-03-30T10:36:02","guid":{"rendered":"https:\/\/dev.infinit.ee\/prod\/rondo-upright-washbasin-mixer-2\/"},"modified":"2026-04-16T10:50:17","modified_gmt":"2026-04-16T07:50:17","slug":"rondo-upright-washbasin-mixer-2","status":"publish","type":"product","link":"https:\/\/laveo.sau.ee\/en\/product\/rondo-upright-washbasin-mixer-2\/","title":{"rendered":"Rondo &#8211; p\u00fcstine valamusegisti"},"content":{"rendered":"<p>Kui hindate lihtsust, meeldib teile kindlasti Laveo Ronda sari. Kraanin\u00f5ude geomeetrilised, kuid peened kujundid toovad teie koju lihtsa elegantsi.<br \/>\nT\u00e4nu vormile, kasutusmugavusele, k\u00f5rge t\u00f6\u00f6kvaliteedi s\u00e4ilitamisele ja konstruktsioonile p\u00fcsivad segistin\u00f5ud heas t\u00f6\u00f6korras pikki aastaid.<br \/>\nValida saab du\u0161isegisti, kahe seinale kinnitatava vannisegisti mudeli vahel, sealhulgas \u00fcks pika liigutatava tilaga. Kui valamumudelite hulka kuuluvad seinale kinnitatav segisti ja valamu sisse paigaldatav p\u00fcstine segisti ning sama variant on saadaval ka valamusegistite r\u00fchmas, kus leidub nii p\u00fcstiseid kui ka seinale paigaldatavaid mudeleid.<br \/>\nIga mudel on varustatud keraamilise kassetiga. Vannisegistite peamine eelis on k\u00f5rgetasemeline keraamiline funktsioonil\u00fcliti, mis tagab veejoa muutuva ja lihtsa vahetamise (keha- ja k\u00e4sidu\u0161i vahel).<br \/>\nLisaks annab Laveo tootjana kassetile ja korpusele 8-aastase garantii. Mikseritel on riikliku rahvatervise instituudi tunnistus.<\/p>\n","protected":false},"excerpt":{"rendered":"<p>Kui hindate lihtsust, meeldib teile kindlasti Laveo Ronda sari. Kraanin\u00f5ude geomeetrilised, kuid peened kujundid toovad teie koju lihtsa elegantsi. T\u00e4nu vormile, kasutusmugavusele, k\u00f5rge t\u00f6\u00f6kvaliteedi s\u00e4ilitamisele ja konstruktsioonile p\u00fcsivad segistin\u00f5ud heas t\u00f6\u00f6korras pikki aastaid. Valida saab du\u0161isegisti, kahe seinale kinnitatava vannisegisti mudeli vahel, sealhulgas \u00fcks pika liigutatava tilaga. Kui valamumudelite hulka kuuluvad seinale kinnitatav segisti ja [&hellip;]<\/p>\n","protected":false},"featured_media":3979,"template":"","meta":[],"product_brand":[],"product_cat":[2726,2724],"product_tag":[],"product-combo":[],"plc":[],"edasimyyja":[],"class_list":{"0":"post-4308","1":"product","2":"type-product","3":"status-publish","4":"has-post-thumbnail","6":"product_cat-valamusegistid","7":"product_cat-vannitoa-segistid","8":"pa_acoustic-group-i--20-db-et","9":"pa_code-blx-022d-et","10":"pa_connecting-hose-length-400-mm-et","11":"pa_ean-5907791127648-et","12":"pa_finish-chrome-et","13":"pa_flow-class-a--15-l-min-et","14":"pa_head-diameter-35-mm-et","15":"pa_method-of-installation-upright-et","16":"pa_producer-laveo-et","17":"pa_range-of-spout-89-mm-et","18":"pa_series-rondo-et","19":"pa_total-mixer-height-126-mm-et","20":"pa_type-of-cartridge-ceramic-et","21":"pa_type-of-handle-single-lever-et","22":"pa_type-of-plug-click-clack-et","23":"pa_type-of-spout-fixed-et","25":"first","26":"instock","27":"purchasable","28":"product-type-simple"},"_links":{"self":[{"href":"https:\/\/laveo.sau.ee\/en\/wp-json\/wp\/v2\/product\/4308","targetHints":{"allow":["GET"]}}],"collection":[{"href":"https:\/\/laveo.sau.ee\/en\/wp-json\/wp\/v2\/product"}],"about":[{"href":"https:\/\/laveo.sau.ee\/en\/wp-json\/wp\/v2\/types\/product"}],"wp:featuredmedia":[{"embeddable":true,"href":"https:\/\/laveo.sau.ee\/en\/wp-json\/wp\/v2\/media\/3979"}],"wp:attachment":[{"href":"https:\/\/laveo.sau.ee\/en\/wp-json\/wp\/v2\/media?parent=4308"}],"wp:term":[{"taxonomy":"product_brand","embeddable":true,"href":"https:\/\/laveo.sau.ee\/en\/wp-json\/wp\/v2\/product_brand?post=4308"},{"taxonomy":"product_cat","embeddable":true,"href":"https:\/\/laveo.sau.ee\/en\/wp-json\/wp\/v2\/product_cat?post=4308"},{"taxonomy":"product_tag","embeddable":true,"href":"https:\/\/laveo.sau.ee\/en\/wp-json\/wp\/v2\/product_tag?post=4308"},{"taxonomy":"product-combo","embeddable":true,"href":"https:\/\/laveo.sau.ee\/en\/wp-json\/wp\/v2\/product-combo?post=4308"},{"taxonomy":"plc","embeddable":true,"href":"https:\/\/laveo.sau.ee\/en\/wp-json\/wp\/v2\/plc?post=4308"},{"taxonomy":"edasimyyja","embeddable":true,"href":"https:\/\/laveo.sau.ee\/en\/wp-json\/wp\/v2\/edasimyyja?post=4308"}],"curies":[{"name":"wp","href":"https:\/\/api.w.org\/{rel}","templated":true}]}}