{"id":4305,"date":"2023-03-30T13:36:02","date_gmt":"2023-03-30T10:36:02","guid":{"rendered":"https:\/\/dev.infinit.ee\/prod\/rondo-rain-overhead-shower-wall-spout-135-mm-4\/"},"modified":"2026-04-16T10:50:17","modified_gmt":"2026-04-16T07:50:17","slug":"rondo-rain-overhead-shower-wall-spout-135-mm-4","status":"publish","type":"product","link":"https:\/\/laveo.sau.ee\/en\/product\/rondo-rain-overhead-shower-wall-spout-135-mm-4\/","title":{"rendered":"Rondo &#8211; vihma \u00fcladu\u0161\u0161i seinatila 135 mm"},"content":{"rendered":"<p>Rondo sarja seina vihmadu\u0161\u0161itiladele on iseloomulik korpuse ovaalne kuju ja komplekti kuuluv \u00fcmmargune maskeerimiskate. Kroomitud tilad on valmistatud vastupidavast messingist kroomitud viimistlusega. \u00dcmarad servad v\u00f5imaldavad kombineerida Rondo tilasid enamiku kraanisarjadega. Tilade saadaolev ulatus: 135 ja 337 mm<\/p>\n","protected":false},"excerpt":{"rendered":"<p>Rondo sarja seina vihmadu\u0161\u0161itiladele on iseloomulik korpuse ovaalne kuju ja komplekti kuuluv \u00fcmmargune maskeerimiskate. Kroomitud tilad on valmistatud vastupidavast messingist kroomitud viimistlusega. \u00dcmarad servad v\u00f5imaldavad kombineerida Rondo tilasid enamiku kraanisarjadega. Tilade saadaolev ulatus: 135 ja 337 mm<\/p>\n","protected":false},"featured_media":3976,"template":"","meta":[],"product_brand":[],"product_cat":[2723,2739],"product_tag":[],"product-combo":[5178],"plc":[],"edasimyyja":[],"class_list":{"0":"post-4305","1":"product","2":"type-product","3":"status-publish","4":"has-post-thumbnail","6":"product_cat-kraanid","7":"product_cat-peidetud-dusipaneel","8":"product_shipping_class-pickup-point-2","9":"pa_code-nwx-758o-et","10":"pa_connection-thread-1-2-et","11":"pa_ean-5907791169723-et","12":"pa_finish-black-et","13":"pa_material-brass-et","14":"pa_producer-laveo-et","15":"pa_series-rondo-et","16":"pa_years-of-warranty-2-et","17":"product-combo-rondo-58-2","19":"first","20":"instock","21":"purchasable","22":"product-type-simple"},"_links":{"self":[{"href":"https:\/\/laveo.sau.ee\/en\/wp-json\/wp\/v2\/product\/4305","targetHints":{"allow":["GET"]}}],"collection":[{"href":"https:\/\/laveo.sau.ee\/en\/wp-json\/wp\/v2\/product"}],"about":[{"href":"https:\/\/laveo.sau.ee\/en\/wp-json\/wp\/v2\/types\/product"}],"wp:featuredmedia":[{"embeddable":true,"href":"https:\/\/laveo.sau.ee\/en\/wp-json\/wp\/v2\/media\/3976"}],"wp:attachment":[{"href":"https:\/\/laveo.sau.ee\/en\/wp-json\/wp\/v2\/media?parent=4305"}],"wp:term":[{"taxonomy":"product_brand","embeddable":true,"href":"https:\/\/laveo.sau.ee\/en\/wp-json\/wp\/v2\/product_brand?post=4305"},{"taxonomy":"product_cat","embeddable":true,"href":"https:\/\/laveo.sau.ee\/en\/wp-json\/wp\/v2\/product_cat?post=4305"},{"taxonomy":"product_tag","embeddable":true,"href":"https:\/\/laveo.sau.ee\/en\/wp-json\/wp\/v2\/product_tag?post=4305"},{"taxonomy":"product-combo","embeddable":true,"href":"https:\/\/laveo.sau.ee\/en\/wp-json\/wp\/v2\/product-combo?post=4305"},{"taxonomy":"plc","embeddable":true,"href":"https:\/\/laveo.sau.ee\/en\/wp-json\/wp\/v2\/plc?post=4305"},{"taxonomy":"edasimyyja","embeddable":true,"href":"https:\/\/laveo.sau.ee\/en\/wp-json\/wp\/v2\/edasimyyja?post=4305"}],"curies":[{"name":"wp","href":"https:\/\/api.w.org\/{rel}","templated":true}]}}