{"id":4302,"date":"2023-03-30T13:36:02","date_gmt":"2023-03-30T10:36:02","guid":{"rendered":"https:\/\/dev.infinit.ee\/prod\/rondo-rain-overhead-shower-ceiling-spout-284-mm-3\/"},"modified":"2026-03-30T12:02:01","modified_gmt":"2026-03-30T09:02:01","slug":"rondo-rain-overhead-shower-ceiling-spout-284-mm-3","status":"publish","type":"product","link":"https:\/\/laveo.sau.ee\/en\/product\/rondo-rain-overhead-shower-ceiling-spout-284-mm-3\/","title":{"rendered":"Rondo &#8211; vihma \u00fcladu\u0161\u0161 lae tila 284 mm"},"content":{"rendered":"<p>Messingist valmistatud Rondo laetila v\u00f5imaldab paigaldada vihmadu\u0161\u0161i \u00fclalt seinast soovitud kaugusele. Tilal on ovaalne maskeeriv rosett ja \u00fcmarate kujunditega sobib see h\u00e4sti enamiku vannitoa kraanin\u00f5ude sarjadega. Tila ulatus: 284 mm.<\/p>\n","protected":false},"excerpt":{"rendered":"<p>Messingist valmistatud Rondo laetila v\u00f5imaldab paigaldada vihmadu\u0161\u0161i \u00fclalt seinast soovitud kaugusele. Tilal on ovaalne maskeeriv rosett ja \u00fcmarate kujunditega sobib see h\u00e4sti enamiku vannitoa kraanin\u00f5ude sarjadega. Tila ulatus: 284 mm.<\/p>\n","protected":false},"featured_media":3973,"template":"","meta":[],"product_brand":[],"product_cat":[2723,2739],"product_tag":[],"product-combo":[5176],"plc":[],"edasimyyja":[],"class_list":{"0":"post-4302","1":"product","2":"type-product","3":"status-publish","4":"has-post-thumbnail","6":"product_cat-kraanid","7":"product_cat-peidetud-dusipaneel","8":"product_shipping_class-pickup-point-2","9":"pa_code-nwx-050o-et","10":"pa_connection-thread-1-2-et","11":"pa_ean-5907791113702-et","12":"pa_finish-chrome-et","13":"pa_material-brass-et","14":"pa_producer-laveo-et","15":"pa_series-rondo-et","16":"pa_years-of-warranty-2-et","17":"product-combo-rondo-50-2","19":"first","20":"instock","21":"purchasable","22":"product-type-simple"},"_links":{"self":[{"href":"https:\/\/laveo.sau.ee\/en\/wp-json\/wp\/v2\/product\/4302","targetHints":{"allow":["GET"]}}],"collection":[{"href":"https:\/\/laveo.sau.ee\/en\/wp-json\/wp\/v2\/product"}],"about":[{"href":"https:\/\/laveo.sau.ee\/en\/wp-json\/wp\/v2\/types\/product"}],"wp:featuredmedia":[{"embeddable":true,"href":"https:\/\/laveo.sau.ee\/en\/wp-json\/wp\/v2\/media\/3973"}],"wp:attachment":[{"href":"https:\/\/laveo.sau.ee\/en\/wp-json\/wp\/v2\/media?parent=4302"}],"wp:term":[{"taxonomy":"product_brand","embeddable":true,"href":"https:\/\/laveo.sau.ee\/en\/wp-json\/wp\/v2\/product_brand?post=4302"},{"taxonomy":"product_cat","embeddable":true,"href":"https:\/\/laveo.sau.ee\/en\/wp-json\/wp\/v2\/product_cat?post=4302"},{"taxonomy":"product_tag","embeddable":true,"href":"https:\/\/laveo.sau.ee\/en\/wp-json\/wp\/v2\/product_tag?post=4302"},{"taxonomy":"product-combo","embeddable":true,"href":"https:\/\/laveo.sau.ee\/en\/wp-json\/wp\/v2\/product-combo?post=4302"},{"taxonomy":"plc","embeddable":true,"href":"https:\/\/laveo.sau.ee\/en\/wp-json\/wp\/v2\/plc?post=4302"},{"taxonomy":"edasimyyja","embeddable":true,"href":"https:\/\/laveo.sau.ee\/en\/wp-json\/wp\/v2\/edasimyyja?post=4302"}],"curies":[{"name":"wp","href":"https:\/\/api.w.org\/{rel}","templated":true}]}}