{"id":4285,"date":"2023-03-30T13:36:14","date_gmt":"2023-03-30T10:36:14","guid":{"rendered":"https:\/\/dev.infinit.ee\/prod\/rondo-slim-overhead-rain-shower-diameter-250-mm-3\/"},"modified":"2026-02-19T12:02:03","modified_gmt":"2026-02-19T10:02:03","slug":"rondo-slim-overhead-rain-shower-diameter-250-mm-3","status":"publish","type":"product","link":"https:\/\/laveo.sau.ee\/en\/product\/rondo-slim-overhead-rain-shower-diameter-250-mm-3\/","title":{"rendered":"Rondo Slim &#8211; vihmadu\u0161\u0161i l\u00e4bim\u00f5\u00f5t 250 mm"},"content":{"rendered":"<p>Rondo vihmadu\u0161id on mudelid, mis osutuvad kasulikuks nii l\u00f5\u00f5gastumiseks kui ka v\u00e4rskendamiseks.<br \/>\nAjatu disain, mis anti \u00fcmmarguste vormidena, sobib paljude vannitoastiilidega. Lai valik vihmadu\u0161\u0161e suurustes 7,8 cm kuni 30 cm v\u00f5imaldab neil universaalselt sobida vastavalt individuaalsetele vajadustele. Kvaliteetsest ABS-ist valmistatud vihmadu\u0161\u0161id Rondo ja Rondo Mini on tugeva ja fokusseeritud vihmajoaga, mis sobivad ideaalselt \u0161ampooni loputamiseks ja v\u00e4rskendavaks peamassaa\u017eiks. \u00d5hukese terasprofiiliga vihmadu\u0161id Rondo Slim on laiemad (20\u201330 cm), tagades energiat andva ja l\u00f5\u00f5gastava efekti. Saadaval kroomitud ja musta viimistlusega.<br \/>\nRondo vihmadu\u0161id tagavad igast otsikust sobiva veevoolu ning lisaks v\u00f5imaldab katlakivivastane s\u00fcsteem lubja eemaldada lihtsa h\u00f5\u00f5rumisega. Universaalne \u00fchenduskeere 1\/2&#8243; sobib igale tilale.<\/p>\n","protected":false},"excerpt":{"rendered":"<p>Rondo vihmadu\u0161id on mudelid, mis osutuvad kasulikuks nii l\u00f5\u00f5gastumiseks kui ka v\u00e4rskendamiseks. Ajatu disain, mis anti \u00fcmmarguste vormidena, sobib paljude vannitoastiilidega. Lai valik vihmadu\u0161\u0161e suurustes 7,8 cm kuni 30 cm v\u00f5imaldab neil universaalselt sobida vastavalt individuaalsetele vajadustele. Kvaliteetsest ABS-ist valmistatud vihmadu\u0161\u0161id Rondo ja Rondo Mini on tugeva ja fokusseeritud vihmajoaga, mis sobivad ideaalselt \u0161ampooni loputamiseks [&hellip;]<\/p>\n","protected":false},"featured_media":3996,"template":"","meta":[],"product_brand":[],"product_cat":[2712,2739,2740],"product_tag":[],"product-combo":[],"plc":[],"edasimyyja":[],"class_list":{"0":"post-4285","1":"product","2":"type-product","3":"status-publish","4":"has-post-thumbnail","6":"product_cat-dusid","7":"product_cat-peidetud-dusipaneel","8":"product_cat-vihmadusid","9":"pa_anti-calc-system-yes-et","10":"pa_code-nlx-0d1s-et","11":"pa_connection-thread-1-2-et","12":"pa_ean-5907791108296-et","13":"pa_finish-chrome-et","14":"pa_flow-class-s--198-l-min-et","15":"pa_producer-laveo-et","16":"pa_rain-shower-size-o250-mm-et","17":"pa_series-rondo-et","18":"pa_years-of-warranty-2-et","20":"first","21":"instock","22":"purchasable","23":"product-type-simple"},"_links":{"self":[{"href":"https:\/\/laveo.sau.ee\/en\/wp-json\/wp\/v2\/product\/4285","targetHints":{"allow":["GET"]}}],"collection":[{"href":"https:\/\/laveo.sau.ee\/en\/wp-json\/wp\/v2\/product"}],"about":[{"href":"https:\/\/laveo.sau.ee\/en\/wp-json\/wp\/v2\/types\/product"}],"wp:featuredmedia":[{"embeddable":true,"href":"https:\/\/laveo.sau.ee\/en\/wp-json\/wp\/v2\/media\/3996"}],"wp:attachment":[{"href":"https:\/\/laveo.sau.ee\/en\/wp-json\/wp\/v2\/media?parent=4285"}],"wp:term":[{"taxonomy":"product_brand","embeddable":true,"href":"https:\/\/laveo.sau.ee\/en\/wp-json\/wp\/v2\/product_brand?post=4285"},{"taxonomy":"product_cat","embeddable":true,"href":"https:\/\/laveo.sau.ee\/en\/wp-json\/wp\/v2\/product_cat?post=4285"},{"taxonomy":"product_tag","embeddable":true,"href":"https:\/\/laveo.sau.ee\/en\/wp-json\/wp\/v2\/product_tag?post=4285"},{"taxonomy":"product-combo","embeddable":true,"href":"https:\/\/laveo.sau.ee\/en\/wp-json\/wp\/v2\/product-combo?post=4285"},{"taxonomy":"plc","embeddable":true,"href":"https:\/\/laveo.sau.ee\/en\/wp-json\/wp\/v2\/plc?post=4285"},{"taxonomy":"edasimyyja","embeddable":true,"href":"https:\/\/laveo.sau.ee\/en\/wp-json\/wp\/v2\/edasimyyja?post=4285"}],"curies":[{"name":"wp","href":"https:\/\/api.w.org\/{rel}","templated":true}]}}