{"id":4281,"date":"2023-03-30T13:36:14","date_gmt":"2023-03-30T10:36:14","guid":{"rendered":"https:\/\/dev.infinit.ee\/prod\/rondo-water-connection-with-a-handle-for-a-hand-shower-4\/"},"modified":"2026-03-25T12:02:02","modified_gmt":"2026-03-25T10:02:02","slug":"rondo-water-connection-with-a-handle-for-a-hand-shower-4","status":"publish","type":"product","link":"https:\/\/laveo.sau.ee\/en\/product\/rondo-water-connection-with-a-handle-for-a-hand-shower-4\/","title":{"rendered":"Rondo &#8211; k\u00e4epidemega vee\u00fchendus k\u00e4sidu\u0161i jaoks"},"content":{"rendered":"<p>Rondo du\u0161ivooliku universaalset nurkliitmikku iseloomustab ovaalne kuju, t\u00e4nu millele sobib see teiste seeriate segistitele \u00fcmarate vormidega varjatud paigaldamiseks. See on valmistatud messingist. Nurkliitmik on saadaval k\u00e4sidu\u0161iklambriga ja ilma.<\/p>\n","protected":false},"excerpt":{"rendered":"<p>Rondo du\u0161ivooliku universaalset nurkliitmikku iseloomustab ovaalne kuju, t\u00e4nu millele sobib see teiste seeriate segistitele \u00fcmarate vormidega varjatud paigaldamiseks. See on valmistatud messingist. Nurkliitmik on saadaval k\u00e4sidu\u0161iklambriga ja ilma.<\/p>\n","protected":false},"featured_media":3992,"template":"","meta":[],"product_brand":[],"product_cat":[2717,2714,2716,2715,2739],"product_tag":[],"product-combo":[],"plc":[],"edasimyyja":[],"class_list":{"0":"post-4281","1":"product","2":"type-product","3":"status-publish","4":"has-post-thumbnail","6":"product_cat-hoidik","7":"product_cat-lisatarvikud","8":"product_cat-lisatarvikud-vannituppa","9":"product_cat-nurkuhendused","10":"product_cat-peidetud-dusipaneel","11":"product_shipping_class-pickup-point-2","12":"pa_code-npx-760o-et","13":"pa_ean-5907791169624-et","14":"pa_finish-black-et","15":"pa_producer-laveo-et","16":"pa_series-rondo-et","18":"first","19":"instock","20":"purchasable","21":"product-type-simple"},"_links":{"self":[{"href":"https:\/\/laveo.sau.ee\/en\/wp-json\/wp\/v2\/product\/4281","targetHints":{"allow":["GET"]}}],"collection":[{"href":"https:\/\/laveo.sau.ee\/en\/wp-json\/wp\/v2\/product"}],"about":[{"href":"https:\/\/laveo.sau.ee\/en\/wp-json\/wp\/v2\/types\/product"}],"wp:featuredmedia":[{"embeddable":true,"href":"https:\/\/laveo.sau.ee\/en\/wp-json\/wp\/v2\/media\/3992"}],"wp:attachment":[{"href":"https:\/\/laveo.sau.ee\/en\/wp-json\/wp\/v2\/media?parent=4281"}],"wp:term":[{"taxonomy":"product_brand","embeddable":true,"href":"https:\/\/laveo.sau.ee\/en\/wp-json\/wp\/v2\/product_brand?post=4281"},{"taxonomy":"product_cat","embeddable":true,"href":"https:\/\/laveo.sau.ee\/en\/wp-json\/wp\/v2\/product_cat?post=4281"},{"taxonomy":"product_tag","embeddable":true,"href":"https:\/\/laveo.sau.ee\/en\/wp-json\/wp\/v2\/product_tag?post=4281"},{"taxonomy":"product-combo","embeddable":true,"href":"https:\/\/laveo.sau.ee\/en\/wp-json\/wp\/v2\/product-combo?post=4281"},{"taxonomy":"plc","embeddable":true,"href":"https:\/\/laveo.sau.ee\/en\/wp-json\/wp\/v2\/plc?post=4281"},{"taxonomy":"edasimyyja","embeddable":true,"href":"https:\/\/laveo.sau.ee\/en\/wp-json\/wp\/v2\/edasimyyja?post=4281"}],"curies":[{"name":"wp","href":"https:\/\/api.w.org\/{rel}","templated":true}]}}