{"id":4279,"date":"2023-03-30T13:36:14","date_gmt":"2023-03-30T10:36:14","guid":{"rendered":"https:\/\/dev.infinit.ee\/prod\/rondo-water-connection-for-shower-hose-4\/"},"modified":"2026-04-16T10:50:17","modified_gmt":"2026-04-16T07:50:17","slug":"rondo-water-connection-for-shower-hose-4","status":"publish","type":"product","link":"https:\/\/laveo.sau.ee\/en\/product\/rondo-water-connection-for-shower-hose-4\/","title":{"rendered":"Rondo &#8211; du\u0161ivooliku vee\u00fchendus"},"content":{"rendered":"<p>Rondo du\u0161ivooliku universaalset nurkliitmikku iseloomustab ovaalne kuju, t\u00e4nu millele sobib see teiste seeriate segistitele \u00fcmarate vormidega varjatud paigaldamiseks. See on valmistatud messingist. Nurkliitmik on saadaval k\u00e4sidu\u0161iklambriga ja ilma.<\/p>\n","protected":false},"excerpt":{"rendered":"<p>Rondo du\u0161ivooliku universaalset nurkliitmikku iseloomustab ovaalne kuju, t\u00e4nu millele sobib see teiste seeriate segistitele \u00fcmarate vormidega varjatud paigaldamiseks. See on valmistatud messingist. Nurkliitmik on saadaval k\u00e4sidu\u0161iklambriga ja ilma.<\/p>\n","protected":false},"featured_media":3990,"template":"","meta":[],"product_brand":[],"product_cat":[2714,2716,2715,2739],"product_tag":[],"product-combo":[],"plc":[],"edasimyyja":[],"class_list":{"0":"post-4279","1":"product","2":"type-product","3":"status-publish","4":"has-post-thumbnail","6":"product_cat-lisatarvikud","7":"product_cat-lisatarvikud-vannituppa","8":"product_cat-nurkuhendused","9":"product_cat-peidetud-dusipaneel","10":"product_shipping_class-pickup-point-2","11":"pa_code-npx-761o-et","12":"pa_connection-thread-1-2-et","13":"pa_ean-5907791169631-et","14":"pa_finish-black-et","15":"pa_material-brass-et","16":"pa_producer-laveo-et","17":"pa_series-rondo-et","18":"pa_years-of-warranty-2-see-warranty-terms-et","20":"first","21":"instock","22":"purchasable","23":"product-type-simple"},"_links":{"self":[{"href":"https:\/\/laveo.sau.ee\/en\/wp-json\/wp\/v2\/product\/4279","targetHints":{"allow":["GET"]}}],"collection":[{"href":"https:\/\/laveo.sau.ee\/en\/wp-json\/wp\/v2\/product"}],"about":[{"href":"https:\/\/laveo.sau.ee\/en\/wp-json\/wp\/v2\/types\/product"}],"wp:featuredmedia":[{"embeddable":true,"href":"https:\/\/laveo.sau.ee\/en\/wp-json\/wp\/v2\/media\/3990"}],"wp:attachment":[{"href":"https:\/\/laveo.sau.ee\/en\/wp-json\/wp\/v2\/media?parent=4279"}],"wp:term":[{"taxonomy":"product_brand","embeddable":true,"href":"https:\/\/laveo.sau.ee\/en\/wp-json\/wp\/v2\/product_brand?post=4279"},{"taxonomy":"product_cat","embeddable":true,"href":"https:\/\/laveo.sau.ee\/en\/wp-json\/wp\/v2\/product_cat?post=4279"},{"taxonomy":"product_tag","embeddable":true,"href":"https:\/\/laveo.sau.ee\/en\/wp-json\/wp\/v2\/product_tag?post=4279"},{"taxonomy":"product-combo","embeddable":true,"href":"https:\/\/laveo.sau.ee\/en\/wp-json\/wp\/v2\/product-combo?post=4279"},{"taxonomy":"plc","embeddable":true,"href":"https:\/\/laveo.sau.ee\/en\/wp-json\/wp\/v2\/plc?post=4279"},{"taxonomy":"edasimyyja","embeddable":true,"href":"https:\/\/laveo.sau.ee\/en\/wp-json\/wp\/v2\/edasimyyja?post=4279"}],"curies":[{"name":"wp","href":"https:\/\/api.w.org\/{rel}","templated":true}]}}