{"id":4273,"date":"2023-03-30T13:36:14","date_gmt":"2023-03-30T10:36:14","guid":{"rendered":"https:\/\/dev.infinit.ee\/prod\/rondo-wall-mounted-hand-shower-holder-7\/"},"modified":"2026-02-16T12:02:03","modified_gmt":"2026-02-16T10:02:03","slug":"rondo-wall-mounted-hand-shower-holder-7","status":"publish","type":"product","link":"https:\/\/laveo.sau.ee\/en\/product\/rondo-wall-mounted-hand-shower-holder-7\/","title":{"rendered":"Rondo &#8211; seinale kinnitatav k\u00e4sidu\u0161ihoidja"},"content":{"rendered":"<p>Reguleeritava nurgaga seinale kinnitatav k\u00e4sidu\u0161iklamber.<br \/>\n\u00dcmmargune disain sobib h\u00f5lpsasti tavaliste kraanimudelitega. Klambri elegantne viimistlus on vannitoa ruumi t\u00e4iendav kaunistus ning kronstein ise annab t\u00e4nu nurga reguleerimisele v\u00f5imaluse k\u00e4sidu\u0161\u0161 mugavalt \u00e4ra panna. Klamber on valmistatud ABS-ist ja pealekantud katted pakuvad t\u00e4iendavat kaitset vee eest. Mudel on saadaval viimistlusversioonides: kroom, must, kuldne, roosa kuld.<\/p>\n","protected":false},"excerpt":{"rendered":"<p>Reguleeritava nurgaga seinale kinnitatav k\u00e4sidu\u0161iklamber. \u00dcmmargune disain sobib h\u00f5lpsasti tavaliste kraanimudelitega. Klambri elegantne viimistlus on vannitoa ruumi t\u00e4iendav kaunistus ning kronstein ise annab t\u00e4nu nurga reguleerimisele v\u00f5imaluse k\u00e4sidu\u0161\u0161 mugavalt \u00e4ra panna. Klamber on valmistatud ABS-ist ja pealekantud katted pakuvad t\u00e4iendavat kaitset vee eest. Mudel on saadaval viimistlusversioonides: kroom, must, kuldne, roosa kuld.<\/p>\n","protected":false},"featured_media":3984,"template":"","meta":[],"product_brand":[],"product_cat":[2717,2714,2716],"product_tag":[],"product-combo":[],"plc":[],"edasimyyja":[],"class_list":{"0":"post-4273","1":"product","2":"type-product","3":"status-publish","4":"has-post-thumbnail","6":"product_cat-hoidik","7":"product_cat-lisatarvikud","8":"product_cat-lisatarvikud-vannituppa","9":"product_shipping_class-pickup-point-2","10":"pa_code-cnx-g0ad-et","11":"pa_depth-76-mm-et","12":"pa_ean-5907791193056-et","13":"pa_finish-gold-et","14":"pa_height-35-mm-et","15":"pa_material-abs-et","16":"pa_producer-laveo-et","17":"pa_series-rondo-et","18":"pa_width-71-mm-et","20":"first","21":"instock","22":"purchasable","23":"product-type-simple"},"_links":{"self":[{"href":"https:\/\/laveo.sau.ee\/en\/wp-json\/wp\/v2\/product\/4273","targetHints":{"allow":["GET"]}}],"collection":[{"href":"https:\/\/laveo.sau.ee\/en\/wp-json\/wp\/v2\/product"}],"about":[{"href":"https:\/\/laveo.sau.ee\/en\/wp-json\/wp\/v2\/types\/product"}],"wp:featuredmedia":[{"embeddable":true,"href":"https:\/\/laveo.sau.ee\/en\/wp-json\/wp\/v2\/media\/3984"}],"wp:attachment":[{"href":"https:\/\/laveo.sau.ee\/en\/wp-json\/wp\/v2\/media?parent=4273"}],"wp:term":[{"taxonomy":"product_brand","embeddable":true,"href":"https:\/\/laveo.sau.ee\/en\/wp-json\/wp\/v2\/product_brand?post=4273"},{"taxonomy":"product_cat","embeddable":true,"href":"https:\/\/laveo.sau.ee\/en\/wp-json\/wp\/v2\/product_cat?post=4273"},{"taxonomy":"product_tag","embeddable":true,"href":"https:\/\/laveo.sau.ee\/en\/wp-json\/wp\/v2\/product_tag?post=4273"},{"taxonomy":"product-combo","embeddable":true,"href":"https:\/\/laveo.sau.ee\/en\/wp-json\/wp\/v2\/product-combo?post=4273"},{"taxonomy":"plc","embeddable":true,"href":"https:\/\/laveo.sau.ee\/en\/wp-json\/wp\/v2\/plc?post=4273"},{"taxonomy":"edasimyyja","embeddable":true,"href":"https:\/\/laveo.sau.ee\/en\/wp-json\/wp\/v2\/edasimyyja?post=4273"}],"curies":[{"name":"wp","href":"https:\/\/api.w.org\/{rel}","templated":true}]}}