{"id":4265,"date":"2023-03-30T13:36:35","date_gmt":"2023-03-30T10:36:35","guid":{"rendered":"https:\/\/dev.infinit.ee\/prod\/rubio-wall-mounted-shower-mixer-without-shower-set-3\/"},"modified":"2026-02-16T12:02:03","modified_gmt":"2026-02-16T10:02:03","slug":"rubio-wall-mounted-shower-mixer-without-shower-set-3","status":"publish","type":"product","link":"https:\/\/laveo.sau.ee\/en\/product\/rubio-wall-mounted-shower-mixer-without-shower-set-3\/","title":{"rendered":"Rubio &#8211; seinale paigaldatav du\u0161isegisti ilma du\u0161ikomplektita"},"content":{"rendered":"<p>Rubio seeria on Laveo kraanin\u00f5ude ettepanek, mis lummab erakordse disainiga. Stiilsete, rafineeritud joontega funktsionaalsed segistid on valamu, vanni, bidee ja du\u0161\u0161i mudelid, t\u00e4nu millele saab luua ainulaadse interj\u00f6\u00f6ri. Kollektsioonil on \u00fchine kuldne nimetaja, mis on kombineeritud mustvalge viimistlusega. Kraanin\u00f5ud paistavad silma rafineeritud disainiga, mida saadavad elegantsed geomeetrilised tilad. P\u00fcstiseid mudeleid iseloomustab madal vooluklass, mis v\u00f5imaldab s\u00e4\u00e4sta vett. Rubio segistimudelid on dekoratsioonielemendid, mis v\u00f5ivad anda iseloomu ja asendada ka dekoratiivseid aksessuaare.<\/p>\n","protected":false},"excerpt":{"rendered":"<p>Rubio seeria on Laveo kraanin\u00f5ude ettepanek, mis lummab erakordse disainiga. Stiilsete, rafineeritud joontega funktsionaalsed segistid on valamu, vanni, bidee ja du\u0161\u0161i mudelid, t\u00e4nu millele saab luua ainulaadse interj\u00f6\u00f6ri. Kollektsioonil on \u00fchine kuldne nimetaja, mis on kombineeritud mustvalge viimistlusega. Kraanin\u00f5ud paistavad silma rafineeritud disainiga, mida saadavad elegantsed geomeetrilised tilad. P\u00fcstiseid mudeleid iseloomustab madal vooluklass, mis v\u00f5imaldab [&hellip;]<\/p>\n","protected":false},"featured_media":4016,"template":"","meta":[],"product_brand":[],"product_cat":[2728,2724],"product_tag":[],"product-combo":[],"plc":[],"edasimyyja":[],"class_list":{"0":"post-4265","1":"product","2":"type-product","3":"status-publish","4":"has-post-thumbnail","6":"product_cat-dusisegistid","7":"product_cat-vannitoa-segistid","8":"pa_acoustic-group-i--20-db-et","9":"pa_code-bvr-740g-et","10":"pa_ean-5907791185440-et","11":"pa_finish-black-gold-et","12":"pa_flow-class-b--252-l-min-et","13":"pa_head-diameter-30-mm-et","14":"pa_method-of-installation-wall-mounted-et","15":"pa_producer-laveo-et","16":"pa_range-of-spout-glebokosc-123-mm-et","17":"pa_series-rubio-et","18":"pa_service-at-customers-location-yes-et","19":"pa_total-mixer-height-120-mm-et","20":"pa_type-of-cartridge-ceramic-et","21":"pa_type-of-handle-single-lever-et","22":"pa_years-of-warranty-8-see-warranty-terms-et","24":"first","25":"instock","26":"purchasable","27":"product-type-simple"},"_links":{"self":[{"href":"https:\/\/laveo.sau.ee\/en\/wp-json\/wp\/v2\/product\/4265","targetHints":{"allow":["GET"]}}],"collection":[{"href":"https:\/\/laveo.sau.ee\/en\/wp-json\/wp\/v2\/product"}],"about":[{"href":"https:\/\/laveo.sau.ee\/en\/wp-json\/wp\/v2\/types\/product"}],"wp:featuredmedia":[{"embeddable":true,"href":"https:\/\/laveo.sau.ee\/en\/wp-json\/wp\/v2\/media\/4016"}],"wp:attachment":[{"href":"https:\/\/laveo.sau.ee\/en\/wp-json\/wp\/v2\/media?parent=4265"}],"wp:term":[{"taxonomy":"product_brand","embeddable":true,"href":"https:\/\/laveo.sau.ee\/en\/wp-json\/wp\/v2\/product_brand?post=4265"},{"taxonomy":"product_cat","embeddable":true,"href":"https:\/\/laveo.sau.ee\/en\/wp-json\/wp\/v2\/product_cat?post=4265"},{"taxonomy":"product_tag","embeddable":true,"href":"https:\/\/laveo.sau.ee\/en\/wp-json\/wp\/v2\/product_tag?post=4265"},{"taxonomy":"product-combo","embeddable":true,"href":"https:\/\/laveo.sau.ee\/en\/wp-json\/wp\/v2\/product-combo?post=4265"},{"taxonomy":"plc","embeddable":true,"href":"https:\/\/laveo.sau.ee\/en\/wp-json\/wp\/v2\/plc?post=4265"},{"taxonomy":"edasimyyja","embeddable":true,"href":"https:\/\/laveo.sau.ee\/en\/wp-json\/wp\/v2\/edasimyyja?post=4265"}],"curies":[{"name":"wp","href":"https:\/\/api.w.org\/{rel}","templated":true}]}}