{"id":4257,"date":"2023-03-30T13:36:35","date_gmt":"2023-03-30T10:36:35","guid":{"rendered":"https:\/\/dev.infinit.ee\/prod\/rubio-shower-column-with-mixer-3\/"},"modified":"2026-02-16T12:02:03","modified_gmt":"2026-02-16T10:02:03","slug":"rubio-shower-column-with-mixer-3","status":"publish","type":"product","link":"https:\/\/laveo.sau.ee\/en\/product\/rubio-shower-column-with-mixer-3\/","title":{"rendered":"Rubio &#8211; segistiga du\u0161isammas"},"content":{"rendered":"<p>Rubio du\u0161isammas t\u00e4iendab sarja. Multifunktsionaalne du\u0161ikomplekt on mudel n\u00f5udlikele klientidele, kes ootavad suplemisel k\u00f5rgeimat mugavust. Sammas on ideaalne valik kardinaga vannide jaoks. Mudel koosneb m\u00f5nest elemendist, t\u00e4nu millele t\u00f6\u00f6tab see h\u00e4sti olenemata vajadustest. Universaalne k\u00e4sidu\u0161\u0161 koos kaasaegse liigutatava vihmadu\u0161iga v\u00f5imaldab kiiret du\u0161\u0161i, samas kui kaskaadveejoaga vannitila t\u00e4idab vanni. Voog valitakse kolmeastmelise r\u00f5nga abil, mis on paigaldatud lihtsalt kangi k\u00fclge. Kolonn on saadaval kahes v\u00e4rvivariandis: must koos kullaga ja valge kullaga. Kolonni lisaeeliseks on k\u00fclmk\u00e4ivitusfunktsioon, mis v\u00f5imaldab k\u00fclma vee v\u00e4ljavoolu, mitte kuumaga segatud. K\u00e4sidu\u0161\u0161 koos vihmadu\u0161iga on varustatud katlakivi kiiret eemaldamist v\u00f5imaldava s\u00fcsteemiga. Erilist t\u00e4helepanu tuleks p\u00f6\u00f6rata du\u0161ivoolikule, millel on v\u00e4\u00e4ndumisvastane s\u00fcsteem, mis takistab selle sassi minemist, ja reguleeritavale siinile, mis v\u00f5imaldab k\u00f5rgust vastavalt kasutaja vajadustele reguleerida.<\/p>\n","protected":false},"excerpt":{"rendered":"<p>Rubio du\u0161isammas t\u00e4iendab sarja. Multifunktsionaalne du\u0161ikomplekt on mudel n\u00f5udlikele klientidele, kes ootavad suplemisel k\u00f5rgeimat mugavust. Sammas on ideaalne valik kardinaga vannide jaoks. Mudel koosneb m\u00f5nest elemendist, t\u00e4nu millele t\u00f6\u00f6tab see h\u00e4sti olenemata vajadustest. Universaalne k\u00e4sidu\u0161\u0161 koos kaasaegse liigutatava vihmadu\u0161iga v\u00f5imaldab kiiret du\u0161\u0161i, samas kui kaskaadveejoaga vannitila t\u00e4idab vanni. Voog valitakse kolmeastmelise r\u00f5nga abil, mis on [&hellip;]<\/p>\n","protected":false},"featured_media":4008,"template":"","meta":[],"product_brand":[],"product_cat":[2712,2741],"product_tag":[],"product-combo":[5196],"plc":[],"edasimyyja":[],"class_list":{"0":"post-4257","1":"product","2":"type-product","3":"status-publish","4":"has-post-thumbnail","6":"product_cat-dusid","7":"product_cat-dusisambad","8":"pa_additional-functions-with-anti-twist-system-with-anti-limescale-system-adjustable-overhead-rain-shower-height-et","9":"pa_anti-calc-system-yes-et","10":"pa_bar-length-878-1323-mm-et","11":"pa_code-pvr-7gob-et","12":"pa_depth-430-mm-et","13":"pa_ean-5907791185464-et","14":"pa_finish-black-gold-et","15":"pa_hand-shower-jet-size-246x104-mm-et","16":"pa_height-878-1323-mm-et","17":"pa_length-of-hose-1500-mm-et","18":"pa_method-of-installation-wall-mounted-et","19":"pa_number-of-hand-shower-streams-1-et","20":"pa_producer-laveo-et","21":"pa_series-rubio-et","22":"pa_stream-types-rain-et","23":"pa_width-210-mm-et","24":"product-combo-rubio-2","26":"first","27":"instock","28":"featured","29":"purchasable","30":"product-type-simple"},"_links":{"self":[{"href":"https:\/\/laveo.sau.ee\/en\/wp-json\/wp\/v2\/product\/4257","targetHints":{"allow":["GET"]}}],"collection":[{"href":"https:\/\/laveo.sau.ee\/en\/wp-json\/wp\/v2\/product"}],"about":[{"href":"https:\/\/laveo.sau.ee\/en\/wp-json\/wp\/v2\/types\/product"}],"wp:featuredmedia":[{"embeddable":true,"href":"https:\/\/laveo.sau.ee\/en\/wp-json\/wp\/v2\/media\/4008"}],"wp:attachment":[{"href":"https:\/\/laveo.sau.ee\/en\/wp-json\/wp\/v2\/media?parent=4257"}],"wp:term":[{"taxonomy":"product_brand","embeddable":true,"href":"https:\/\/laveo.sau.ee\/en\/wp-json\/wp\/v2\/product_brand?post=4257"},{"taxonomy":"product_cat","embeddable":true,"href":"https:\/\/laveo.sau.ee\/en\/wp-json\/wp\/v2\/product_cat?post=4257"},{"taxonomy":"product_tag","embeddable":true,"href":"https:\/\/laveo.sau.ee\/en\/wp-json\/wp\/v2\/product_tag?post=4257"},{"taxonomy":"product-combo","embeddable":true,"href":"https:\/\/laveo.sau.ee\/en\/wp-json\/wp\/v2\/product-combo?post=4257"},{"taxonomy":"plc","embeddable":true,"href":"https:\/\/laveo.sau.ee\/en\/wp-json\/wp\/v2\/plc?post=4257"},{"taxonomy":"edasimyyja","embeddable":true,"href":"https:\/\/laveo.sau.ee\/en\/wp-json\/wp\/v2\/edasimyyja?post=4257"}],"curies":[{"name":"wp","href":"https:\/\/api.w.org\/{rel}","templated":true}]}}