{"id":4252,"date":"2023-03-30T13:36:35","date_gmt":"2023-03-30T10:36:35","guid":{"rendered":"https:\/\/dev.infinit.ee\/prod\/round-washbasin-siphon-10\/"},"modified":"2026-02-16T12:02:03","modified_gmt":"2026-02-16T10:02:03","slug":"round-washbasin-siphon-10","status":"publish","type":"product","link":"https:\/\/laveo.sau.ee\/en\/product\/round-washbasin-siphon-10\/","title":{"rendered":"\u00dcmmargune valamu sifoon"},"content":{"rendered":"<p>Sifoonid olid seni silmale n\u00e4htamatud, kuid praegu leidub neid \u00fcha sagedamini vannitoas.<br \/>\nVaatamata sellele, et need olid kinnituselemendid, said neist ka dekoratiivsed lisandid.<br \/>\nSeet\u00f5ttu valmistas Laveo kaubam\u00e4rk ette valamu sifoonid n\u00e4htavatesse kohtadesse paigaldamiseks, mida eristab kvaliteetne t\u00f6\u00f6tlus ja esteetiline viimistlus.<br \/>\nLaveo pakub koguni kuut v\u00e4rvitooni, mille hulgast saab valitud paigutusega sobitada sifooni.<br \/>\nKlassikaline kroom, grafiit ja must, tumedad v\u00e4rvid, mis on m\u00f5nel hooajal trendikad, ja keerukam versioon, nii valge, kollane kuld ja roosa kuld.<br \/>\nPakutavad \u00fcmmargused valamusifoonid on m\u00f5eldud reovee probleemivabaks \u00e4rajuhtimiseks. Nende kuju ja k\u00f5rge l\u00e4bilaskvus tagavad optimaalse veevoolu, samas kui v\u00e4ljalaskeava sulgemine tagab, et vannituppa ei p\u00e4\u00e4se ebameeldivaid l\u00f5hnu. Universaalne suurus sobib k\u00f5ikidele valamutele, mille standardne v\u00e4ljalaskeava l\u00e4bim\u00f5\u00f5t on 45 mm.<br \/>\nLaveo sifoonid on valmistatud kvaliteetsest metallist, neil on reguleeritav vars vahemikus 13 kuni 22 cm, \u00fchenduskeere 1 1\/4&#8243; ja kummist tihendid.<\/p>\n","protected":false},"excerpt":{"rendered":"<p>Sifoonid olid seni silmale n\u00e4htamatud, kuid praegu leidub neid \u00fcha sagedamini vannitoas. Vaatamata sellele, et need olid kinnituselemendid, said neist ka dekoratiivsed lisandid. Seet\u00f5ttu valmistas Laveo kaubam\u00e4rk ette valamu sifoonid n\u00e4htavatesse kohtadesse paigaldamiseks, mida eristab kvaliteetne t\u00f6\u00f6tlus ja esteetiline viimistlus. Laveo pakub koguni kuut v\u00e4rvitooni, mille hulgast saab valitud paigutusega sobitada sifooni. Klassikaline kroom, grafiit [&hellip;]<\/p>\n","protected":false},"featured_media":4003,"template":"","meta":[],"product_brand":[],"product_cat":[2714,2716,2721],"product_tag":[],"product-combo":[],"plc":[],"edasimyyja":[5212],"class_list":{"0":"post-4252","1":"product","2":"type-product","3":"status-publish","4":"has-post-thumbnail","6":"product_cat-lisatarvikud","7":"product_cat-lisatarvikud-vannituppa","8":"product_cat-uhendused","9":"product_shipping_class-pickup-point-2","10":"pa_code-cks-761d-et","11":"pa_ean-5907791159236-et","12":"pa_finish-black-et","13":"pa_material-steel-et","14":"pa_producer-laveo-et","15":"pa_thread-1-et","16":"edasimyyja-on24-2","18":"first","19":"instock","20":"purchasable","21":"product-type-simple"},"_links":{"self":[{"href":"https:\/\/laveo.sau.ee\/en\/wp-json\/wp\/v2\/product\/4252","targetHints":{"allow":["GET"]}}],"collection":[{"href":"https:\/\/laveo.sau.ee\/en\/wp-json\/wp\/v2\/product"}],"about":[{"href":"https:\/\/laveo.sau.ee\/en\/wp-json\/wp\/v2\/types\/product"}],"wp:featuredmedia":[{"embeddable":true,"href":"https:\/\/laveo.sau.ee\/en\/wp-json\/wp\/v2\/media\/4003"}],"wp:attachment":[{"href":"https:\/\/laveo.sau.ee\/en\/wp-json\/wp\/v2\/media?parent=4252"}],"wp:term":[{"taxonomy":"product_brand","embeddable":true,"href":"https:\/\/laveo.sau.ee\/en\/wp-json\/wp\/v2\/product_brand?post=4252"},{"taxonomy":"product_cat","embeddable":true,"href":"https:\/\/laveo.sau.ee\/en\/wp-json\/wp\/v2\/product_cat?post=4252"},{"taxonomy":"product_tag","embeddable":true,"href":"https:\/\/laveo.sau.ee\/en\/wp-json\/wp\/v2\/product_tag?post=4252"},{"taxonomy":"product-combo","embeddable":true,"href":"https:\/\/laveo.sau.ee\/en\/wp-json\/wp\/v2\/product-combo?post=4252"},{"taxonomy":"plc","embeddable":true,"href":"https:\/\/laveo.sau.ee\/en\/wp-json\/wp\/v2\/plc?post=4252"},{"taxonomy":"edasimyyja","embeddable":true,"href":"https:\/\/laveo.sau.ee\/en\/wp-json\/wp\/v2\/edasimyyja?post=4252"}],"curies":[{"name":"wp","href":"https:\/\/api.w.org\/{rel}","templated":true}]}}