{"id":4241,"date":"2023-03-30T13:36:53","date_gmt":"2023-03-30T10:36:53","guid":{"rendered":"https:\/\/dev.infinit.ee\/prod\/slim-linear-drain-100-cm-6\/"},"modified":"2026-02-26T12:02:04","modified_gmt":"2026-02-26T10:02:04","slug":"slim-linear-drain-100-cm-6","status":"publish","type":"product","link":"https:\/\/laveo.sau.ee\/en\/product\/slim-linear-drain-100-cm-6\/","title":{"rendered":"\u00d5huke &#8211; lineaarne \u00e4ravool 100 cm"},"content":{"rendered":"<p>\u00d5hukesed mudelid on \u00e4ravoolud, mida eristab k\u00f5rge kvaliteet, vastupidavus ja tipptasemel esteetika. Neil on ka v\u00e4ga madal koguk\u00f5rgus 66 mm ja hea veevoolu v\u00f5imsus 24 l\/min. Seda t\u00fc\u00fcpi lineaarset \u00e4ravoolu iseloomustab minimalism ja ilu k\u00f5ige lihtsamal kujul, samas kui kitsas rest v\u00f5imaldab du\u0161inurka t\u00f5elist elegantsi tuua.<br \/>\nToode paistab silma kvaliteetse t\u00f6\u00f6tlusega ning materjal, millest see on valmistatud, on roostevaba teras 304, mis on vastupidav igasugustele pesuvahenditele. Kinnituseks, et tootele kehtib tootja poolt 10-aastane garantii. \u00d5hukesed \u00e4ravoolud on saadaval inoxi, musta, roosa kulla ja kuldse v\u00e4rviga. Komplekti kuulub konks resti eemaldamiseks ja sifooni puhastamiseks kogutud saasteainetest. Madal korpus h\u00f5lbustab p\u00f5randasse paigaldamist ja lai pikkuste valik 50\u2013100 cm muudab valiku lihtsamaks.<br \/>\nPoola toode.<\/p>\n","protected":false},"excerpt":{"rendered":"<p>\u00d5hukesed mudelid on \u00e4ravoolud, mida eristab k\u00f5rge kvaliteet, vastupidavus ja tipptasemel esteetika. Neil on ka v\u00e4ga madal koguk\u00f5rgus 66 mm ja hea veevoolu v\u00f5imsus 24 l\/min. Seda t\u00fc\u00fcpi lineaarset \u00e4ravoolu iseloomustab minimalism ja ilu k\u00f5ige lihtsamal kujul, samas kui kitsas rest v\u00f5imaldab du\u0161inurka t\u00f5elist elegantsi tuua. Toode paistab silma kvaliteetse t\u00f6\u00f6tlusega ning materjal, millest see [&hellip;]<\/p>\n","protected":false},"featured_media":4027,"template":"","meta":[],"product_brand":[],"product_cat":[2674,2675],"product_tag":[],"product-combo":[],"plc":[],"edasimyyja":[],"class_list":{"0":"post-4241","1":"product","2":"type-product","3":"status-publish","4":"has-post-thumbnail","6":"product_cat-dusirennid-trapiga","7":"product_cat-porandatrapid","8":"pa_code-cos-g10d-et","9":"pa_connection-size-40-50-mm-et","10":"pa_dirt-collector-yes-et","11":"pa_drain-length-1000-mm-et","12":"pa_ean-5907791190253-et","13":"pa_finish-gold-et","14":"pa_hook-included-yes-et","15":"pa_installation-height-52-mm-et","16":"pa_manner-of-drain-installation-floor-et","17":"pa_maximum-height-66-mm-et","18":"pa_minimum-height-66-mm-et","19":"pa_producer-laveo-et","20":"pa_series-slim-et","21":"pa_trap-cleaned-from-the-top-yes-et","22":"pa_water-flow-rate-24-l-min-et","23":"pa_width-of-the-trough-64-mm-et","25":"first","26":"outofstock","27":"purchasable","28":"product-type-simple"},"_links":{"self":[{"href":"https:\/\/laveo.sau.ee\/en\/wp-json\/wp\/v2\/product\/4241","targetHints":{"allow":["GET"]}}],"collection":[{"href":"https:\/\/laveo.sau.ee\/en\/wp-json\/wp\/v2\/product"}],"about":[{"href":"https:\/\/laveo.sau.ee\/en\/wp-json\/wp\/v2\/types\/product"}],"wp:featuredmedia":[{"embeddable":true,"href":"https:\/\/laveo.sau.ee\/en\/wp-json\/wp\/v2\/media\/4027"}],"wp:attachment":[{"href":"https:\/\/laveo.sau.ee\/en\/wp-json\/wp\/v2\/media?parent=4241"}],"wp:term":[{"taxonomy":"product_brand","embeddable":true,"href":"https:\/\/laveo.sau.ee\/en\/wp-json\/wp\/v2\/product_brand?post=4241"},{"taxonomy":"product_cat","embeddable":true,"href":"https:\/\/laveo.sau.ee\/en\/wp-json\/wp\/v2\/product_cat?post=4241"},{"taxonomy":"product_tag","embeddable":true,"href":"https:\/\/laveo.sau.ee\/en\/wp-json\/wp\/v2\/product_tag?post=4241"},{"taxonomy":"product-combo","embeddable":true,"href":"https:\/\/laveo.sau.ee\/en\/wp-json\/wp\/v2\/product-combo?post=4241"},{"taxonomy":"plc","embeddable":true,"href":"https:\/\/laveo.sau.ee\/en\/wp-json\/wp\/v2\/plc?post=4241"},{"taxonomy":"edasimyyja","embeddable":true,"href":"https:\/\/laveo.sau.ee\/en\/wp-json\/wp\/v2\/edasimyyja?post=4241"}],"curies":[{"name":"wp","href":"https:\/\/api.w.org\/{rel}","templated":true}]}}