{"id":4228,"date":"2023-03-30T13:37:08","date_gmt":"2023-03-30T10:37:08","guid":{"rendered":"https:\/\/dev.infinit.ee\/prod\/sno-suction-wall-bracket-3\/"},"modified":"2026-04-16T10:50:16","modified_gmt":"2026-04-16T07:50:16","slug":"sno-suction-wall-bracket-3","status":"publish","type":"product","link":"https:\/\/laveo.sau.ee\/en\/product\/sno-suction-wall-bracket-3\/","title":{"rendered":"Sno &#8211; imemise seinaklamber"},"content":{"rendered":"<p>Sno on \u00fcmmargune imemise \u00fchepunktiline kronstein. Rakendatud s\u00fcsteemiga pole vannitoas kronsteini seinale kinnitamiseks vaja t\u00f6\u00f6riistu. See on praktiline lahendus v\u00e4ikestesse vannitubadesse, v\u00f5imaldades iseseisvat ning samal ajal lihtsat ja kiiret asukoha muutmist. Toote paigaldamine ei kesta kauem kui 2 minutit. Klamber v\u00f5imaldab mahtuda igasse k\u00e4sidu\u0161\u0161i. See on lahendus, t\u00e4nu millele ei asu k\u00e4sidu\u0161\u0161 suvalises kohas du\u0161i all, vaid leiab oma koha seal, kus see teile sobib. Sno kronstein on saadaval kroomitud ja mustas versioonis.<\/p>\n","protected":false},"excerpt":{"rendered":"<p>Sno on \u00fcmmargune imemise \u00fchepunktiline kronstein. Rakendatud s\u00fcsteemiga pole vannitoas kronsteini seinale kinnitamiseks vaja t\u00f6\u00f6riistu. See on praktiline lahendus v\u00e4ikestesse vannitubadesse, v\u00f5imaldades iseseisvat ning samal ajal lihtsat ja kiiret asukoha muutmist. Toote paigaldamine ei kesta kauem kui 2 minutit. Klamber v\u00f5imaldab mahtuda igasse k\u00e4sidu\u0161\u0161i. See on lahendus, t\u00e4nu millele ei asu k\u00e4sidu\u0161\u0161 suvalises kohas du\u0161i [&hellip;]<\/p>\n","protected":false},"featured_media":4034,"template":"","meta":[],"product_brand":[],"product_cat":[2717,2714,2716],"product_tag":[],"product-combo":[],"plc":[],"edasimyyja":[],"class_list":{"0":"post-4228","1":"product","2":"type-product","3":"status-publish","4":"has-post-thumbnail","6":"product_cat-hoidik","7":"product_cat-lisatarvikud","8":"product_cat-lisatarvikud-vannituppa","9":"product_shipping_class-pickup-point-2","10":"pa_code-nln-000d-et","11":"pa_ean-5907791127389-et","12":"pa_finish-chrome-et","13":"pa_producer-laveo-et","14":"pa_series-sno-et","16":"first","17":"instock","18":"purchasable","19":"product-type-simple"},"_links":{"self":[{"href":"https:\/\/laveo.sau.ee\/en\/wp-json\/wp\/v2\/product\/4228","targetHints":{"allow":["GET"]}}],"collection":[{"href":"https:\/\/laveo.sau.ee\/en\/wp-json\/wp\/v2\/product"}],"about":[{"href":"https:\/\/laveo.sau.ee\/en\/wp-json\/wp\/v2\/types\/product"}],"wp:featuredmedia":[{"embeddable":true,"href":"https:\/\/laveo.sau.ee\/en\/wp-json\/wp\/v2\/media\/4034"}],"wp:attachment":[{"href":"https:\/\/laveo.sau.ee\/en\/wp-json\/wp\/v2\/media?parent=4228"}],"wp:term":[{"taxonomy":"product_brand","embeddable":true,"href":"https:\/\/laveo.sau.ee\/en\/wp-json\/wp\/v2\/product_brand?post=4228"},{"taxonomy":"product_cat","embeddable":true,"href":"https:\/\/laveo.sau.ee\/en\/wp-json\/wp\/v2\/product_cat?post=4228"},{"taxonomy":"product_tag","embeddable":true,"href":"https:\/\/laveo.sau.ee\/en\/wp-json\/wp\/v2\/product_tag?post=4228"},{"taxonomy":"product-combo","embeddable":true,"href":"https:\/\/laveo.sau.ee\/en\/wp-json\/wp\/v2\/product-combo?post=4228"},{"taxonomy":"plc","embeddable":true,"href":"https:\/\/laveo.sau.ee\/en\/wp-json\/wp\/v2\/plc?post=4228"},{"taxonomy":"edasimyyja","embeddable":true,"href":"https:\/\/laveo.sau.ee\/en\/wp-json\/wp\/v2\/edasimyyja?post=4228"}],"curies":[{"name":"wp","href":"https:\/\/api.w.org\/{rel}","templated":true}]}}