{"id":4224,"date":"2023-03-30T13:37:08","date_gmt":"2023-03-30T10:37:08","guid":{"rendered":"https:\/\/dev.infinit.ee\/prod\/sloped-profile-for-linear-drain-left-3\/"},"modified":"2026-04-16T17:25:27","modified_gmt":"2026-04-16T14:25:27","slug":"sloped-profile-for-linear-drain-left-3","status":"publish","type":"product","link":"https:\/\/laveo.sau.ee\/en\/product\/sloped-profile-for-linear-drain-left-3\/","title":{"rendered":"Lineaarse \u00e4ravoolu kaldprofiil, vasak"},"content":{"rendered":"<p>Unikaalsed kaldprofiilid seina lineaarsesse \u00e4ravoolu paigaldamiseks on parim rakendus neile, kes hindavad professionaalseid lahendusi du\u0161iruumis. Profiili paigaldamisega saavutatakse plaatide vaheliste ruumide esteetiline viimistlus. Plaatide maskeerimine kaitseb teravate servade eest ja hoiab \u00e4ra vee pritsimise v\u00e4ljaspool salongi ja plaatide alla sattumist. 120cm pikkune profiil on saadaval musta ja kroomitud viimistlusega paremas ja vasakpoolses versioonis. Enne kokkupanekut saab profiili l\u00f5igata vannitoas vajaliku pikkusega. Roostevabast terasest 304 valmistatud vastupidav toode tagab vastupidavuse tugevamatele pesuvahenditele ja niiskusele. Profiil tagab oluliselt kiirema ja lihtsama t\u00f6\u00f6 plaatijale, kes ei pea p\u00f5randa kalde saavutamiseks plaate l\u00f5ikama ja laduma v\u00e4iksemate t\u00fckkidega. Ostmisel \u00e4rge unustage valida parem v\u00f5i vasakpoolne, olenevalt sellest, kummale k\u00fcljele du\u0161iklaaspaneel on paigaldatud, kuhu profiil paigaldatakse.<\/p>\n","protected":false},"excerpt":{"rendered":"<p>Unikaalsed kaldprofiilid seina lineaarsesse \u00e4ravoolu paigaldamiseks on parim rakendus neile, kes hindavad professionaalseid lahendusi du\u0161iruumis. Profiili paigaldamisega saavutatakse plaatide vaheliste ruumide esteetiline viimistlus. Plaatide maskeerimine kaitseb teravate servade eest ja hoiab \u00e4ra vee pritsimise v\u00e4ljaspool salongi ja plaatide alla sattumist. 120cm pikkune profiil on saadaval musta ja kroomitud viimistlusega paremas ja vasakpoolses versioonis. Enne kokkupanekut [&hellip;]<\/p>\n","protected":false},"featured_media":4030,"template":"","meta":[],"product_brand":[],"product_cat":[2735,2674],"product_tag":[],"product-combo":[],"plc":[],"edasimyyja":[],"class_list":{"0":"post-4224","1":"product","2":"type-product","3":"status-publish","4":"has-post-thumbnail","6":"product_cat-dusirenni-trappide-lisad","7":"product_cat-dusirennid-trapiga","8":"pa_code-cot-720l-et","9":"pa_ean-5907791190956-et","10":"pa_finish-black-et","11":"pa_length-1200-mm-et","12":"pa_material-stainless-steel-304-et","13":"pa_producer-laveo-et","14":"pa_years-of-warranty-10-see-warranty-terms-et","16":"first","17":"instock","18":"purchasable","19":"product-type-simple"},"_links":{"self":[{"href":"https:\/\/laveo.sau.ee\/en\/wp-json\/wp\/v2\/product\/4224","targetHints":{"allow":["GET"]}}],"collection":[{"href":"https:\/\/laveo.sau.ee\/en\/wp-json\/wp\/v2\/product"}],"about":[{"href":"https:\/\/laveo.sau.ee\/en\/wp-json\/wp\/v2\/types\/product"}],"wp:featuredmedia":[{"embeddable":true,"href":"https:\/\/laveo.sau.ee\/en\/wp-json\/wp\/v2\/media\/4030"}],"wp:attachment":[{"href":"https:\/\/laveo.sau.ee\/en\/wp-json\/wp\/v2\/media?parent=4224"}],"wp:term":[{"taxonomy":"product_brand","embeddable":true,"href":"https:\/\/laveo.sau.ee\/en\/wp-json\/wp\/v2\/product_brand?post=4224"},{"taxonomy":"product_cat","embeddable":true,"href":"https:\/\/laveo.sau.ee\/en\/wp-json\/wp\/v2\/product_cat?post=4224"},{"taxonomy":"product_tag","embeddable":true,"href":"https:\/\/laveo.sau.ee\/en\/wp-json\/wp\/v2\/product_tag?post=4224"},{"taxonomy":"product-combo","embeddable":true,"href":"https:\/\/laveo.sau.ee\/en\/wp-json\/wp\/v2\/product-combo?post=4224"},{"taxonomy":"plc","embeddable":true,"href":"https:\/\/laveo.sau.ee\/en\/wp-json\/wp\/v2\/plc?post=4224"},{"taxonomy":"edasimyyja","embeddable":true,"href":"https:\/\/laveo.sau.ee\/en\/wp-json\/wp\/v2\/edasimyyja?post=4224"}],"curies":[{"name":"wp","href":"https:\/\/api.w.org\/{rel}","templated":true}]}}