{"id":4208,"date":"2023-03-30T13:37:15","date_gmt":"2023-03-30T10:37:15","guid":{"rendered":"https:\/\/dev.infinit.ee\/prod\/tanaro-shower-hose-pvc-1500-mm-2\/"},"modified":"2026-04-16T17:25:25","modified_gmt":"2026-04-16T14:25:25","slug":"tanaro-shower-hose-pvc-1500-mm-2","status":"publish","type":"product","link":"https:\/\/laveo.sau.ee\/en\/product\/tanaro-shower-hose-pvc-1500-mm-2\/","title":{"rendered":"Tanaro &#8211; du\u0161ivoolik PVC 1 500 mm"},"content":{"rendered":"<p>Tanaro du\u0161ivoolik on Laveo toode.<br \/>\nVoolikut iseloomustab lihtne puhastamine ja lisaks on see varustatud v\u00e4\u00e4ndumisvastase s\u00fcsteemiga, mis takistab selle paindumist. Vooliku valmistamisel kasutatav PVC on meeldiv puudutada ega p\u00f5hjusta vannile ega klaasile kriimustusi.<br \/>\n150cm pikkune du\u0161ivoolik on kroomitud viimistlusega. Toode on varustatud keerdumisvastaste otstega. Voolikule kehtib 5-aastane garantii.<\/p>\n","protected":false},"excerpt":{"rendered":"<p>Tanaro du\u0161ivoolik on Laveo toode. Voolikut iseloomustab lihtne puhastamine ja lisaks on see varustatud v\u00e4\u00e4ndumisvastase s\u00fcsteemiga, mis takistab selle paindumist. Vooliku valmistamisel kasutatav PVC on meeldiv puudutada ega p\u00f5hjusta vannile ega klaasile kriimustusi. 150cm pikkune du\u0161ivoolik on kroomitud viimistlusega. Toode on varustatud keerdumisvastaste otstega. Voolikule kehtib 5-aastane garantii.<\/p>\n","protected":false},"featured_media":4041,"template":"","meta":[],"product_brand":[],"product_cat":[2718,2714,2716],"product_tag":[],"product-combo":[],"plc":[],"edasimyyja":[],"class_list":{"0":"post-4208","1":"product","2":"type-product","3":"status-publish","4":"has-post-thumbnail","6":"product_cat-dusivoolikud","7":"product_cat-lisatarvikud","8":"product_cat-lisatarvikud-vannituppa","9":"product_shipping_class-pickup-point-2","10":"pa_additional-functions-with-anti-twist-system-et","11":"pa_code-crt-04pd-et","12":"pa_ean-5907791127211-et","13":"pa_finish-chrome-et","14":"pa_hose-anti-twist-system-yes-et","15":"pa_length-1500-mm-et","16":"pa_producer-laveo-et","17":"pa_shower-hose-material-pvc-et","19":"first","20":"instock","21":"purchasable","22":"product-type-simple"},"_links":{"self":[{"href":"https:\/\/laveo.sau.ee\/en\/wp-json\/wp\/v2\/product\/4208","targetHints":{"allow":["GET"]}}],"collection":[{"href":"https:\/\/laveo.sau.ee\/en\/wp-json\/wp\/v2\/product"}],"about":[{"href":"https:\/\/laveo.sau.ee\/en\/wp-json\/wp\/v2\/types\/product"}],"wp:featuredmedia":[{"embeddable":true,"href":"https:\/\/laveo.sau.ee\/en\/wp-json\/wp\/v2\/media\/4041"}],"wp:attachment":[{"href":"https:\/\/laveo.sau.ee\/en\/wp-json\/wp\/v2\/media?parent=4208"}],"wp:term":[{"taxonomy":"product_brand","embeddable":true,"href":"https:\/\/laveo.sau.ee\/en\/wp-json\/wp\/v2\/product_brand?post=4208"},{"taxonomy":"product_cat","embeddable":true,"href":"https:\/\/laveo.sau.ee\/en\/wp-json\/wp\/v2\/product_cat?post=4208"},{"taxonomy":"product_tag","embeddable":true,"href":"https:\/\/laveo.sau.ee\/en\/wp-json\/wp\/v2\/product_tag?post=4208"},{"taxonomy":"product-combo","embeddable":true,"href":"https:\/\/laveo.sau.ee\/en\/wp-json\/wp\/v2\/product-combo?post=4208"},{"taxonomy":"plc","embeddable":true,"href":"https:\/\/laveo.sau.ee\/en\/wp-json\/wp\/v2\/plc?post=4208"},{"taxonomy":"edasimyyja","embeddable":true,"href":"https:\/\/laveo.sau.ee\/en\/wp-json\/wp\/v2\/edasimyyja?post=4208"}],"curies":[{"name":"wp","href":"https:\/\/api.w.org\/{rel}","templated":true}]}}