{"id":4204,"date":"2023-03-30T13:37:15","date_gmt":"2023-03-30T10:37:15","guid":{"rendered":"https:\/\/dev.infinit.ee\/prod\/stella-granite-sink-1-bowl-with-a-half-drainer-4\/"},"modified":"2026-04-16T17:25:25","modified_gmt":"2026-04-16T14:25:25","slug":"stella-granite-sink-1-bowl-with-a-half-drainer-4","status":"publish","type":"product","link":"https:\/\/laveo.sau.ee\/en\/product\/stella-granite-sink-1-bowl-with-a-half-drainer-4\/","title":{"rendered":"Stella &#8211; graniidist valamu &#8211; 1 kauss poolkuivatusega"},"content":{"rendered":"<p>Laveo valamu Stella on alati trendikas, originaalne, elegantne mudel. \u00dclaltoodule tuleks lisada mugavus ja kvaliteet, mis olid suletud atraktiivsesse vormi.<br \/>\nMudel on m\u00f5\u00f5tmetega 44 x 58 cm, mis v\u00f5imaldab seda ideaalselt paigutada v\u00e4ikesesse k\u00f6\u00f6giruumi. V\u00e4rvi on v\u00f5imalik valida kolme saadaoleva hulgast: bee\u017e, hall v\u00f5i must.<br \/>\nValamu on varustatud funktsionaalsete lahendustega. Sellel on automaatne pistik, t\u00e4nu millele on v\u00f5imalik vee v\u00e4ljalaskeava avada ja sulgeda nupu abil, ilma et peaks k\u00e4si m\u00e4\u00e4rdunud vette kastma. Lisaks on valamu varustatud ruumis\u00e4\u00e4stliku sifooniga (et s\u00e4\u00e4sta ruumi valamu all olevas kapis) ja l\u00fchikese \u00e4ravoolutoruga, mis sobib suurep\u00e4raselt m\u00e4rgade n\u00f5ude \u00e4rapanemiseks p\u00e4rast kiiret pesemist. Sifoon on komplektis. Stella valamu iseloomustab lihtne puhastamine. Tootja katab tootele pika 10-aastase garantii.<\/p>\n","protected":false},"excerpt":{"rendered":"<p>Laveo valamu Stella on alati trendikas, originaalne, elegantne mudel. \u00dclaltoodule tuleks lisada mugavus ja kvaliteet, mis olid suletud atraktiivsesse vormi. Mudel on m\u00f5\u00f5tmetega 44 x 58 cm, mis v\u00f5imaldab seda ideaalselt paigutada v\u00e4ikesesse k\u00f6\u00f6giruumi. V\u00e4rvi on v\u00f5imalik valida kolme saadaoleva hulgast: bee\u017e, hall v\u00f5i must. Valamu on varustatud funktsionaalsete lahendustega. Sellel on automaatne pistik, t\u00e4nu [&hellip;]<\/p>\n","protected":false},"featured_media":4037,"template":"","meta":[],"product_brand":[],"product_cat":[2733,2730],"product_tag":[],"product-combo":[5102],"plc":[],"edasimyyja":[],"class_list":{"0":"post-4204","1":"product","2":"type-product","3":"status-publish","4":"has-post-thumbnail","6":"product_cat-1-valamuga","7":"product_cat-graniitvalamud","8":"product_shipping_class-home-delivery-et","9":"pa_automatic-drain-shut-off-yes-et","10":"pa_code-sby-713t-et","11":"pa_connection-to-a-dishwasher-yes-et","12":"pa_depth-of-bowl-150-mm-et","13":"pa_drain-35-et","14":"pa_ean-5907791108364-et","15":"pa_finish-black-et","16":"pa_for-cabinet-500-mm-et","17":"pa_length-580-mm-et","18":"pa_model-rectangular-1-bowl-et","19":"pa_producer-laveo-et","20":"pa_resistant-to-thermal-shock-yes-et","21":"pa_reversible-yes-et","22":"pa_series-stella-et","23":"pa_width-440-mm-et","24":"product-combo-stella-2","26":"first","27":"outofstock","28":"purchasable","29":"product-type-simple"},"_links":{"self":[{"href":"https:\/\/laveo.sau.ee\/en\/wp-json\/wp\/v2\/product\/4204","targetHints":{"allow":["GET"]}}],"collection":[{"href":"https:\/\/laveo.sau.ee\/en\/wp-json\/wp\/v2\/product"}],"about":[{"href":"https:\/\/laveo.sau.ee\/en\/wp-json\/wp\/v2\/types\/product"}],"wp:featuredmedia":[{"embeddable":true,"href":"https:\/\/laveo.sau.ee\/en\/wp-json\/wp\/v2\/media\/4037"}],"wp:attachment":[{"href":"https:\/\/laveo.sau.ee\/en\/wp-json\/wp\/v2\/media?parent=4204"}],"wp:term":[{"taxonomy":"product_brand","embeddable":true,"href":"https:\/\/laveo.sau.ee\/en\/wp-json\/wp\/v2\/product_brand?post=4204"},{"taxonomy":"product_cat","embeddable":true,"href":"https:\/\/laveo.sau.ee\/en\/wp-json\/wp\/v2\/product_cat?post=4204"},{"taxonomy":"product_tag","embeddable":true,"href":"https:\/\/laveo.sau.ee\/en\/wp-json\/wp\/v2\/product_tag?post=4204"},{"taxonomy":"product-combo","embeddable":true,"href":"https:\/\/laveo.sau.ee\/en\/wp-json\/wp\/v2\/product-combo?post=4204"},{"taxonomy":"plc","embeddable":true,"href":"https:\/\/laveo.sau.ee\/en\/wp-json\/wp\/v2\/plc?post=4204"},{"taxonomy":"edasimyyja","embeddable":true,"href":"https:\/\/laveo.sau.ee\/en\/wp-json\/wp\/v2\/edasimyyja?post=4204"}],"curies":[{"name":"wp","href":"https:\/\/api.w.org\/{rel}","templated":true}]}}