{"id":4201,"date":"2023-03-30T13:37:15","date_gmt":"2023-03-30T10:37:15","guid":{"rendered":"https:\/\/dev.infinit.ee\/prod\/tivano-hand-shower-3\/"},"modified":"2026-04-16T17:25:25","modified_gmt":"2026-04-16T14:25:25","slug":"tivano-hand-shower-3","status":"publish","type":"product","link":"https:\/\/laveo.sau.ee\/en\/product\/tivano-hand-shower-3\/","title":{"rendered":"Tivano &#8211; k\u00e4sidu\u0161\u0161"},"content":{"rendered":"<p>Laveo Tivano kollektsiooni kuuluv k\u00e4sidu\u0161\u0161 on ebatraditsioonilise kujuga. See sobib k\u00f5ige paremini moodsas stiilis sisustatud vannitubadesse. Anti-kalk s\u00fcsteemiga saab katlakivi kiiresti eemaldada, hoides oma du\u0161iosa puhtana. Tivano k\u00e4sidu\u0161\u0161 on 24 cm pikk ja 5 cm lai ning selle viimistlus on kroomi ja valge kombinatsioon. K\u00e4sidu\u0161is olev l\u00fcliti v\u00f5imaldab h\u00f5lpsasti ja kiiresti vahetada veevoolu kaskaadi ja vihma vahel, samas kui universaalne keere v\u00f5imaldab seda kasutada G \u00bd liitmikuga du\u0161ivoolikutega. Elegantne ja originaalne vorm v\u00f5imaldab vannitoa muljetavaldavat muutust v\u00e4ikese lisaga nagu Tivano k\u00e4sidu\u0161\u0161.<\/p>\n","protected":false},"excerpt":{"rendered":"<p>Laveo Tivano kollektsiooni kuuluv k\u00e4sidu\u0161\u0161 on ebatraditsioonilise kujuga. See sobib k\u00f5ige paremini moodsas stiilis sisustatud vannitubadesse. Anti-kalk s\u00fcsteemiga saab katlakivi kiiresti eemaldada, hoides oma du\u0161iosa puhtana. Tivano k\u00e4sidu\u0161\u0161 on 24 cm pikk ja 5 cm lai ning selle viimistlus on kroomi ja valge kombinatsioon. K\u00e4sidu\u0161is olev l\u00fcliti v\u00f5imaldab h\u00f5lpsasti ja kiiresti vahetada veevoolu kaskaadi ja [&hellip;]<\/p>\n","protected":false},"featured_media":4054,"template":"","meta":[],"product_brand":[],"product_cat":[2712,2713],"product_tag":[],"product-combo":[5166],"plc":[],"edasimyyja":[],"class_list":{"0":"post-4201","1":"product","2":"type-product","3":"status-publish","4":"has-post-thumbnail","6":"product_cat-dusid","7":"product_cat-kasidusid","8":"pa_anti-calc-system-yes-et","9":"pa_code-nlt-6sad-et","10":"pa_ean-5907791126177-et","11":"pa_finish-chrome-white-et","12":"pa_flow-class-z--12-l-min-et","13":"pa_hand-shower-jet-size-225x51-mm-et","14":"pa_material-plastic-et","15":"pa_number-of-hand-shower-streams-2-et","16":"pa_producer-laveo-et","17":"pa_series-tivano-et","18":"pa_shape-square-et","19":"pa_stream-types-rain-cascade-et","20":"pa_years-of-warranty-2-see-warranty-terms-et","21":"product-combo-tivano-2","23":"first","24":"outofstock","25":"purchasable","26":"product-type-simple"},"_links":{"self":[{"href":"https:\/\/laveo.sau.ee\/en\/wp-json\/wp\/v2\/product\/4201","targetHints":{"allow":["GET"]}}],"collection":[{"href":"https:\/\/laveo.sau.ee\/en\/wp-json\/wp\/v2\/product"}],"about":[{"href":"https:\/\/laveo.sau.ee\/en\/wp-json\/wp\/v2\/types\/product"}],"wp:featuredmedia":[{"embeddable":true,"href":"https:\/\/laveo.sau.ee\/en\/wp-json\/wp\/v2\/media\/4054"}],"wp:attachment":[{"href":"https:\/\/laveo.sau.ee\/en\/wp-json\/wp\/v2\/media?parent=4201"}],"wp:term":[{"taxonomy":"product_brand","embeddable":true,"href":"https:\/\/laveo.sau.ee\/en\/wp-json\/wp\/v2\/product_brand?post=4201"},{"taxonomy":"product_cat","embeddable":true,"href":"https:\/\/laveo.sau.ee\/en\/wp-json\/wp\/v2\/product_cat?post=4201"},{"taxonomy":"product_tag","embeddable":true,"href":"https:\/\/laveo.sau.ee\/en\/wp-json\/wp\/v2\/product_tag?post=4201"},{"taxonomy":"product-combo","embeddable":true,"href":"https:\/\/laveo.sau.ee\/en\/wp-json\/wp\/v2\/product-combo?post=4201"},{"taxonomy":"plc","embeddable":true,"href":"https:\/\/laveo.sau.ee\/en\/wp-json\/wp\/v2\/plc?post=4201"},{"taxonomy":"edasimyyja","embeddable":true,"href":"https:\/\/laveo.sau.ee\/en\/wp-json\/wp\/v2\/edasimyyja?post=4201"}],"curies":[{"name":"wp","href":"https:\/\/api.w.org\/{rel}","templated":true}]}}