{"id":4192,"date":"2023-03-30T13:37:15","date_gmt":"2023-03-30T10:37:15","guid":{"rendered":"https:\/\/dev.infinit.ee\/prod\/termico-wall-mounted-thermostatic-bath-mixer-without-shower-set-3\/"},"modified":"2026-04-16T17:25:25","modified_gmt":"2026-04-16T14:25:25","slug":"termico-wall-mounted-thermostatic-bath-mixer-without-shower-set-3","status":"publish","type":"product","link":"https:\/\/laveo.sau.ee\/en\/product\/termico-wall-mounted-thermostatic-bath-mixer-without-shower-set-3\/","title":{"rendered":"Termico &#8211; seinale paigaldatav termostaatiline vannisegisti ilma du\u0161ikomplektita"},"content":{"rendered":"<p>Laveo Termico seeria sisaldab kahte termostaatsegistite mudelit, mis pakuvad mugavat lahendust suplemisel.<br \/>\nSaadaolevad du\u0161i- ja vannimudelid tagavad alati ideaalse veetemperatuuri hoidmise, t\u00e4nu millele saavutatakse \u00f5ige temperatuur du\u0161i all m\u00f5ne sekundiga ja see ei muutu hiljem.<br \/>\nK\u00f5ik r\u00f5huk\u00f5ikumised s\u00fcsteemis kompenseeritakse h\u00f5lpsalt, t\u00e4nu millele puudub juhuslike nahap\u00f5letuste oht.<br \/>\nKui olete otsustanud valiku teha, pange t\u00e4hele selle eeliseid, nii et muu hulgas tasub mainida laia valikut veetemperatuuri reguleerimist, mida m\u00f5\u00f5detakse \u00fche kraadi t\u00e4psusega.<br \/>\nTermostaatsegisti hoiab \u00e4ra \u00fcle 38 \u00b0C soojema veevoolu tahtmatu avanemise ja see on suurep\u00e4rane v\u00f5imalus vannituppa, mida kasutavad v\u00e4ikesed lapsed v\u00f5i eakad.<br \/>\nTermico segisti t\u00e4hendab ka vee kokkuhoidu (isegi \u00fcle 40%), kuna enne vannitamist pole vaja suurt kogust k\u00fclma vett v\u00e4lja lasta.<br \/>\nPeened nupud tagavad mugava t\u00f6\u00f6 ja du\u0161il\u00fcliti v\u00f5imaldab mugavalt voolu vahetada segistist k\u00e4sidu\u0161\u0161i.<br \/>\nLaveo Termico mudelitele kehtib 8-aastane garantii korpusele ja kassetile.<br \/>\nKogumine kaetakse teenuse eest kliendi asukohas.<\/p>\n","protected":false},"excerpt":{"rendered":"<p>Laveo Termico seeria sisaldab kahte termostaatsegistite mudelit, mis pakuvad mugavat lahendust suplemisel. Saadaolevad du\u0161i- ja vannimudelid tagavad alati ideaalse veetemperatuuri hoidmise, t\u00e4nu millele saavutatakse \u00f5ige temperatuur du\u0161i all m\u00f5ne sekundiga ja see ei muutu hiljem. K\u00f5ik r\u00f5huk\u00f5ikumised s\u00fcsteemis kompenseeritakse h\u00f5lpsalt, t\u00e4nu millele puudub juhuslike nahap\u00f5letuste oht. Kui olete otsustanud valiku teha, pange t\u00e4hele selle eeliseid, [&hellip;]<\/p>\n","protected":false},"featured_media":4045,"template":"","meta":[],"product_brand":[],"product_cat":[2725,2724],"product_tag":[],"product-combo":[],"plc":[],"edasimyyja":[],"class_list":{"0":"post-4192","1":"product","2":"type-product","3":"status-publish","4":"has-post-thumbnail","6":"product_cat-vannisegistid","7":"product_cat-vannitoa-segistid","8":"pa_acoustic-group-i--20-db-et","9":"pa_code-bat-01td-et","10":"pa_ean-5907791109248-et","11":"pa_finish-chrome-et","12":"pa_flow-class-a--15-l-min-et","13":"pa_method-of-installation-wall-mounted-et","14":"pa_producer-laveo-et","15":"pa_range-of-spout-177-mm-et","16":"pa_series-termico-et","17":"pa_service-at-customers-location-yes-et","18":"pa_thermostatic-cartridge-yes-et","19":"pa_total-mixer-height-62-mm-et","20":"pa_type-of-cartridge-thermostatic-et","21":"pa_type-of-handle-double-lever-et","22":"pa_type-of-spout-fixed-et","23":"pa_years-of-warranty-8-see-warranty-terms-et","25":"first","26":"instock","27":"purchasable","28":"product-type-simple"},"_links":{"self":[{"href":"https:\/\/laveo.sau.ee\/en\/wp-json\/wp\/v2\/product\/4192","targetHints":{"allow":["GET"]}}],"collection":[{"href":"https:\/\/laveo.sau.ee\/en\/wp-json\/wp\/v2\/product"}],"about":[{"href":"https:\/\/laveo.sau.ee\/en\/wp-json\/wp\/v2\/types\/product"}],"wp:featuredmedia":[{"embeddable":true,"href":"https:\/\/laveo.sau.ee\/en\/wp-json\/wp\/v2\/media\/4045"}],"wp:attachment":[{"href":"https:\/\/laveo.sau.ee\/en\/wp-json\/wp\/v2\/media?parent=4192"}],"wp:term":[{"taxonomy":"product_brand","embeddable":true,"href":"https:\/\/laveo.sau.ee\/en\/wp-json\/wp\/v2\/product_brand?post=4192"},{"taxonomy":"product_cat","embeddable":true,"href":"https:\/\/laveo.sau.ee\/en\/wp-json\/wp\/v2\/product_cat?post=4192"},{"taxonomy":"product_tag","embeddable":true,"href":"https:\/\/laveo.sau.ee\/en\/wp-json\/wp\/v2\/product_tag?post=4192"},{"taxonomy":"product-combo","embeddable":true,"href":"https:\/\/laveo.sau.ee\/en\/wp-json\/wp\/v2\/product-combo?post=4192"},{"taxonomy":"plc","embeddable":true,"href":"https:\/\/laveo.sau.ee\/en\/wp-json\/wp\/v2\/plc?post=4192"},{"taxonomy":"edasimyyja","embeddable":true,"href":"https:\/\/laveo.sau.ee\/en\/wp-json\/wp\/v2\/edasimyyja?post=4192"}],"curies":[{"name":"wp","href":"https:\/\/api.w.org\/{rel}","templated":true}]}}