{"id":4190,"date":"2023-03-30T13:37:15","date_gmt":"2023-03-30T10:37:15","guid":{"rendered":"https:\/\/dev.infinit.ee\/prod\/tau-granite-sink-1-bowl-5\/"},"modified":"2026-04-16T17:25:25","modified_gmt":"2026-04-16T14:25:25","slug":"tau-granite-sink-1-bowl-5","status":"publish","type":"product","link":"https:\/\/laveo.sau.ee\/en\/product\/tau-granite-sink-1-bowl-5\/","title":{"rendered":"Tau &#8211; graniidist valamu \u2013 1 kauss"},"content":{"rendered":"<p>Tau graniidist valamud on valmistatud kasutamiseks k\u00f6\u00f6kides, mis on professionaalselt sisustatud nii vormi kui ka funktsionaalsuse poolest. Erilise nurgelise kujuga valamu on k\u00f6\u00f6gis iseloomulik disainiaktsent ja selle maht muudab toote igap\u00e4evaste \u00fclesannetega h\u00f5lpsalt toime. Sile graniitpind tagab valamu vastupidavuse v\u00e4rvimuutustele, kriimustustele ja k\u00f5rgele temperatuurile kuni 250 \u00b0C. 20 cm s\u00fcgavune kauss v\u00f5imaldab h\u00f5lpsalt pesta suuri k\u00f6\u00f6gin\u00f5usid, n\u00e4iteks k\u00fcpsetusvorme v\u00f5i plaate ilma vett pritsimata. Tau valamud on mudelid, millel pole tehases l\u00f5igatud auke segisti jaoks, v\u00f5imalusega seda koputada, \u00fchte kolmest eelfreesitud kohast. Tau valamud on varustatud tehases l\u00f5igatud auguga k\u00f6\u00f6gisegisti jaoks, ruumis\u00e4\u00e4stliku sifooni ja kl\u00f5psuga pistikuga.<\/p>\n","protected":false},"excerpt":{"rendered":"<p>Tau graniidist valamud on valmistatud kasutamiseks k\u00f6\u00f6kides, mis on professionaalselt sisustatud nii vormi kui ka funktsionaalsuse poolest. Erilise nurgelise kujuga valamu on k\u00f6\u00f6gis iseloomulik disainiaktsent ja selle maht muudab toote igap\u00e4evaste \u00fclesannetega h\u00f5lpsalt toime. Sile graniitpind tagab valamu vastupidavuse v\u00e4rvimuutustele, kriimustustele ja k\u00f5rgele temperatuurile kuni 250 \u00b0C. 20 cm s\u00fcgavune kauss v\u00f5imaldab h\u00f5lpsalt pesta suuri [&hellip;]<\/p>\n","protected":false},"featured_media":4043,"template":"","meta":[],"product_brand":[],"product_cat":[2733,2730],"product_tag":[],"product-combo":[5101],"plc":[],"edasimyyja":[],"class_list":{"0":"post-4190","1":"product","2":"type-product","3":"status-publish","4":"has-post-thumbnail","6":"product_cat-1-valamuga","7":"product_cat-graniitvalamud","8":"product_shipping_class-home-delivery-et","9":"pa_code-sbt-410y-et","10":"pa_connection-to-a-dishwasher-yes-et","11":"pa_depth-of-bowl-200-mm-et","12":"pa_drain-35-et","13":"pa_ean-5907791183309-et","14":"pa_finish-beige-et","15":"pa_for-cabinet-600-mm-et","16":"pa_length-570-mm-et","17":"pa_model-rectangular-1-bowl-et","18":"pa_producer-laveo-et","19":"pa_resistant-to-thermal-shock-yes-et","20":"pa_reversible-no-et","21":"pa_scratch-resistant-yes-et","22":"pa_series-tau-et","23":"pa_width-500-mm-et","24":"product-combo-tau-2","26":"first","27":"instock","28":"purchasable","29":"product-type-simple"},"_links":{"self":[{"href":"https:\/\/laveo.sau.ee\/en\/wp-json\/wp\/v2\/product\/4190","targetHints":{"allow":["GET"]}}],"collection":[{"href":"https:\/\/laveo.sau.ee\/en\/wp-json\/wp\/v2\/product"}],"about":[{"href":"https:\/\/laveo.sau.ee\/en\/wp-json\/wp\/v2\/types\/product"}],"wp:featuredmedia":[{"embeddable":true,"href":"https:\/\/laveo.sau.ee\/en\/wp-json\/wp\/v2\/media\/4043"}],"wp:attachment":[{"href":"https:\/\/laveo.sau.ee\/en\/wp-json\/wp\/v2\/media?parent=4190"}],"wp:term":[{"taxonomy":"product_brand","embeddable":true,"href":"https:\/\/laveo.sau.ee\/en\/wp-json\/wp\/v2\/product_brand?post=4190"},{"taxonomy":"product_cat","embeddable":true,"href":"https:\/\/laveo.sau.ee\/en\/wp-json\/wp\/v2\/product_cat?post=4190"},{"taxonomy":"product_tag","embeddable":true,"href":"https:\/\/laveo.sau.ee\/en\/wp-json\/wp\/v2\/product_tag?post=4190"},{"taxonomy":"product-combo","embeddable":true,"href":"https:\/\/laveo.sau.ee\/en\/wp-json\/wp\/v2\/product-combo?post=4190"},{"taxonomy":"plc","embeddable":true,"href":"https:\/\/laveo.sau.ee\/en\/wp-json\/wp\/v2\/plc?post=4190"},{"taxonomy":"edasimyyja","embeddable":true,"href":"https:\/\/laveo.sau.ee\/en\/wp-json\/wp\/v2\/edasimyyja?post=4190"}],"curies":[{"name":"wp","href":"https:\/\/api.w.org\/{rel}","templated":true}]}}