{"id":4185,"date":"2023-03-30T13:37:54","date_gmt":"2023-03-30T10:37:54","guid":{"rendered":"https:\/\/dev.infinit.ee\/prod\/volumo-shower-column-with-mixer-4\/"},"modified":"2026-04-16T17:25:25","modified_gmt":"2026-04-16T14:25:25","slug":"volumo-shower-column-with-mixer-4","status":"publish","type":"product","link":"https:\/\/laveo.sau.ee\/en\/product\/volumo-shower-column-with-mixer-4\/","title":{"rendered":"Volumo &#8211; segistiga du\u0161isammas"},"content":{"rendered":"<p>Volumo sarja on laiendatud du\u0161isammastega, millel on segisti. Need on saadaval sarnaselt segistitega, kahes viimistluses: klassikaline kroom ja minimalistlik must. Sambal on reguleeritav vihmadu\u0161i k\u00f5rgus. Lisaks on k\u00e4sidu\u0161\u0161 varustatud kolme voolut\u00fc\u00fcbiga: vihm, veepihusti ja segadu\u0161\u0161, mis v\u00f5imaldab du\u0161i all k\u00e4ia vastavalt individuaalsetele eelistustele. V\u00e4\u00e4ndumisvastase s\u00fcsteemiga du\u0161ivoolik hoiab \u00e4ra selle sassi minemise.<\/p>\n","protected":false},"excerpt":{"rendered":"<p>Volumo sarja on laiendatud du\u0161isammastega, millel on segisti. Need on saadaval sarnaselt segistitega, kahes viimistluses: klassikaline kroom ja minimalistlik must. Sambal on reguleeritav vihmadu\u0161i k\u00f5rgus. Lisaks on k\u00e4sidu\u0161\u0161 varustatud kolme voolut\u00fc\u00fcbiga: vihm, veepihusti ja segadu\u0161\u0161, mis v\u00f5imaldab du\u0161i all k\u00e4ia vastavalt individuaalsetele eelistustele. V\u00e4\u00e4ndumisvastase s\u00fcsteemiga du\u0161ivoolik hoiab \u00e4ra selle sassi minemise.<\/p>\n","protected":false},"featured_media":4070,"template":"","meta":[],"product_brand":[],"product_cat":[2712,2741],"product_tag":[],"product-combo":[],"plc":[],"edasimyyja":[5212],"class_list":{"0":"post-4185","1":"product","2":"type-product","3":"status-publish","4":"has-post-thumbnail","6":"product_cat-dusid","7":"product_cat-dusisambad","8":"pa_additional-functions-with-anti-twist-system-with-anti-limescale-system-adjustable-overhead-rain-shower-height-et","9":"pa_anti-calc-system-yes-et","10":"pa_bar-length-682-1412-mm-et","11":"pa_code-plv-70ob-et","12":"pa_depth-494-mm-et","13":"pa_ean-5907791176752-et","14":"pa_finish-black-et","15":"pa_hand-shower-jet-size-256x120-mm-et","16":"pa_height-862-1412-mm-et","17":"pa_length-of-hose-1500-mm-et","18":"pa_method-of-installation-wall-mounted-et","19":"pa_number-of-hand-shower-streams-3-et","20":"pa_producer-laveo-et","21":"pa_series-volumo-et","22":"pa_stream-types-rain-mixed-mist-et","23":"pa_width-272-mm-et","24":"edasimyyja-on24-2","26":"first","27":"instock","28":"purchasable","29":"product-type-simple"},"_links":{"self":[{"href":"https:\/\/laveo.sau.ee\/en\/wp-json\/wp\/v2\/product\/4185","targetHints":{"allow":["GET"]}}],"collection":[{"href":"https:\/\/laveo.sau.ee\/en\/wp-json\/wp\/v2\/product"}],"about":[{"href":"https:\/\/laveo.sau.ee\/en\/wp-json\/wp\/v2\/types\/product"}],"wp:featuredmedia":[{"embeddable":true,"href":"https:\/\/laveo.sau.ee\/en\/wp-json\/wp\/v2\/media\/4070"}],"wp:attachment":[{"href":"https:\/\/laveo.sau.ee\/en\/wp-json\/wp\/v2\/media?parent=4185"}],"wp:term":[{"taxonomy":"product_brand","embeddable":true,"href":"https:\/\/laveo.sau.ee\/en\/wp-json\/wp\/v2\/product_brand?post=4185"},{"taxonomy":"product_cat","embeddable":true,"href":"https:\/\/laveo.sau.ee\/en\/wp-json\/wp\/v2\/product_cat?post=4185"},{"taxonomy":"product_tag","embeddable":true,"href":"https:\/\/laveo.sau.ee\/en\/wp-json\/wp\/v2\/product_tag?post=4185"},{"taxonomy":"product-combo","embeddable":true,"href":"https:\/\/laveo.sau.ee\/en\/wp-json\/wp\/v2\/product-combo?post=4185"},{"taxonomy":"plc","embeddable":true,"href":"https:\/\/laveo.sau.ee\/en\/wp-json\/wp\/v2\/plc?post=4185"},{"taxonomy":"edasimyyja","embeddable":true,"href":"https:\/\/laveo.sau.ee\/en\/wp-json\/wp\/v2\/edasimyyja?post=4185"}],"curies":[{"name":"wp","href":"https:\/\/api.w.org\/{rel}","templated":true}]}}