{"id":4180,"date":"2023-03-30T13:37:54","date_gmt":"2023-03-30T10:37:54","guid":{"rendered":"https:\/\/dev.infinit.ee\/prod\/trzynastka-granite-sink-1-bowl-with-a-half-drainer-5\/"},"modified":"2026-04-16T17:25:24","modified_gmt":"2026-04-16T14:25:24","slug":"trzynastka-granite-sink-1-bowl-with-a-half-drainer-5","status":"publish","type":"product","link":"https:\/\/laveo.sau.ee\/en\/product\/trzynastka-granite-sink-1-bowl-with-a-half-drainer-5\/","title":{"rendered":"Trzynastka &#8211; graniidist valamu &#8211; 1 kauss koos poole kraanikausiga"},"content":{"rendered":"<p>Trzynastka valamu on kaasaegne lahendus elegantsetesse majadesse ja korteritesse. Ilusad jooned ja universaalsed v\u00e4rvid pakkumises t\u00f5mbavad kahtlemata t\u00e4helepanu.<br \/>\nTrzynastka on t\u00e4nu oma minimalistlikule disainile igavesti noor toode, mis ei karda pidevalt muutuvaid sisustustrende.<br \/>\nPakutakse kolme mudelit, mis on saadaval kolmes viimistluses, st bee\u017eis, hallis ja mustas.<br \/>\nEsimene neist on 44&#215;44 cm suuruse kompaktse suurusega, kuid 17 cm s\u00fcgava kaussiga 1-kaussiline valamu, mis on ideaalne lahendus v\u00e4ikeste korterite k\u00f6\u00f6gi jaoks.<br \/>\nTeine on 1-kausiline valamu koos kraanikaussiga standardm\u00f5\u00f5dus 48&#215;79 cm &#8211; kraanikauss sobib ideaalselt t\u00f6\u00f6pinna pikenduseks.<br \/>\nPakkumine sisaldab ka 1-kausilist valamut koos pooleldi kraanikausiga. See kompaktne mudel sobib v\u00e4ikestele k\u00f6\u00f6kidele.<br \/>\nValamu tarnitakse koos Space Saving sifooniga, mis v\u00f5imaldab mugavalt korraldada ruumi kapi all, et mahutada n\u00e4iteks j\u00e4\u00e4tmevahetusbokse.<br \/>\nTootmises kasutatud graniit tagab vastupidavuse v\u00e4rvimuutustele, kriimustustele, l\u00f6\u00f6kidele, termilisele \u0161okile ja temperatuurile kuni 250\u00baC.<br \/>\nTootja annab tootele pika 10-aastase garantii.<br \/>\nPoola toode.<\/p>\n","protected":false},"excerpt":{"rendered":"<p>Trzynastka valamu on kaasaegne lahendus elegantsetesse majadesse ja korteritesse. Ilusad jooned ja universaalsed v\u00e4rvid pakkumises t\u00f5mbavad kahtlemata t\u00e4helepanu. Trzynastka on t\u00e4nu oma minimalistlikule disainile igavesti noor toode, mis ei karda pidevalt muutuvaid sisustustrende. Pakutakse kolme mudelit, mis on saadaval kolmes viimistluses, st bee\u017eis, hallis ja mustas. Esimene neist on 44&#215;44 cm suuruse kompaktse suurusega, kuid [&hellip;]<\/p>\n","protected":false},"featured_media":4065,"template":"","meta":[],"product_brand":[],"product_cat":[2733,2730],"product_tag":[],"product-combo":[5100],"plc":[],"edasimyyja":[],"class_list":{"0":"post-4180","1":"product","2":"type-product","3":"status-publish","4":"has-post-thumbnail","6":"product_cat-1-valamuga","7":"product_cat-graniitvalamud","8":"product_shipping_class-home-delivery-et","9":"pa_automatic-drain-shut-off-yes-et","10":"pa_code-sbp-413t-et","11":"pa_connection-to-a-dishwasher-yes-et","12":"pa_depth-of-bowl-170-mm-et","13":"pa_drain-35-et","14":"pa_ean-5907791181664-et","15":"pa_finish-beige-et","16":"pa_for-cabinet-500-mm-et","17":"pa_length-570-mm-et","18":"pa_model-rectangular-1-bowl-et","19":"pa_producer-laveo-et","20":"pa_resistant-to-thermal-shock-yes-et","21":"pa_reversible-yes-et","22":"pa_series-trzynastka-et","23":"pa_width-495-mm-et","24":"product-combo-trzynastka-w-half-driner-2","26":"first","27":"outofstock","28":"purchasable","29":"product-type-simple"},"_links":{"self":[{"href":"https:\/\/laveo.sau.ee\/en\/wp-json\/wp\/v2\/product\/4180","targetHints":{"allow":["GET"]}}],"collection":[{"href":"https:\/\/laveo.sau.ee\/en\/wp-json\/wp\/v2\/product"}],"about":[{"href":"https:\/\/laveo.sau.ee\/en\/wp-json\/wp\/v2\/types\/product"}],"wp:featuredmedia":[{"embeddable":true,"href":"https:\/\/laveo.sau.ee\/en\/wp-json\/wp\/v2\/media\/4065"}],"wp:attachment":[{"href":"https:\/\/laveo.sau.ee\/en\/wp-json\/wp\/v2\/media?parent=4180"}],"wp:term":[{"taxonomy":"product_brand","embeddable":true,"href":"https:\/\/laveo.sau.ee\/en\/wp-json\/wp\/v2\/product_brand?post=4180"},{"taxonomy":"product_cat","embeddable":true,"href":"https:\/\/laveo.sau.ee\/en\/wp-json\/wp\/v2\/product_cat?post=4180"},{"taxonomy":"product_tag","embeddable":true,"href":"https:\/\/laveo.sau.ee\/en\/wp-json\/wp\/v2\/product_tag?post=4180"},{"taxonomy":"product-combo","embeddable":true,"href":"https:\/\/laveo.sau.ee\/en\/wp-json\/wp\/v2\/product-combo?post=4180"},{"taxonomy":"plc","embeddable":true,"href":"https:\/\/laveo.sau.ee\/en\/wp-json\/wp\/v2\/plc?post=4180"},{"taxonomy":"edasimyyja","embeddable":true,"href":"https:\/\/laveo.sau.ee\/en\/wp-json\/wp\/v2\/edasimyyja?post=4180"}],"curies":[{"name":"wp","href":"https:\/\/api.w.org\/{rel}","templated":true}]}}