{"id":4172,"date":"2023-03-30T13:37:54","date_gmt":"2023-03-30T10:37:54","guid":{"rendered":"https:\/\/dev.infinit.ee\/prod\/toro-sink-mixer-with-a-pull-out-spout-4\/"},"modified":"2026-04-16T17:25:24","modified_gmt":"2026-04-16T14:25:24","slug":"toro-sink-mixer-with-a-pull-out-spout-4","status":"publish","type":"product","link":"https:\/\/laveo.sau.ee\/en\/product\/toro-sink-mixer-with-a-pull-out-spout-4\/","title":{"rendered":"Toro &#8211; valamusegisti koos v\u00e4ljat\u00f5mmatava valamuotsaga"},"content":{"rendered":"<p>Modernne k\u00f6\u00f6gisegisti v\u00e4ljat\u00f5mmatava pihustiga, mis h\u00f5lbustab eelk\u00f5ige suurte pottide ja k\u00fcpsetusplaatide pesemist.<br \/>\nVarustatud veevoolu l\u00fclitiga, mis v\u00f5imaldab vastavalt vajadusele aktiveerida kaks vooliku t\u00fc\u00fcpi.<br \/>\nSegisti eeliste hulka kuulub v\u00f5imalus keerata pihustit 360\u00b0 ja lihtne monteerimiss\u00fcsteem.<br \/>\nT\u00e4nu oma moekale mustale viimistlusele sobib see suurep\u00e4raselt loft stiilis sisustatud k\u00f6\u00f6kidesse.<br \/>\n8-aastane garantii ja kvaliteetne t\u00f6\u00f6tlus t\u00e4hendab, et toode peaks k\u00f6\u00f6gis kaua aega kasutuses olema.<\/p>\n","protected":false},"excerpt":{"rendered":"<p>Modernne k\u00f6\u00f6gisegisti v\u00e4ljat\u00f5mmatava pihustiga, mis h\u00f5lbustab eelk\u00f5ige suurte pottide ja k\u00fcpsetusplaatide pesemist. Varustatud veevoolu l\u00fclitiga, mis v\u00f5imaldab vastavalt vajadusele aktiveerida kaks vooliku t\u00fc\u00fcpi. Segisti eeliste hulka kuulub v\u00f5imalus keerata pihustit 360\u00b0 ja lihtne monteerimiss\u00fcsteem. T\u00e4nu oma moekale mustale viimistlusele sobib see suurep\u00e4raselt loft stiilis sisustatud k\u00f6\u00f6kidesse. 8-aastane garantii ja kvaliteetne t\u00f6\u00f6tlus t\u00e4hendab, et toode peaks [&hellip;]<\/p>\n","protected":false},"featured_media":4057,"template":"","meta":[],"product_brand":[],"product_cat":[2711],"product_tag":[],"product-combo":[5147],"plc":[],"edasimyyja":[5212],"class_list":{"0":"post-4172","1":"product","2":"type-product","3":"status-publish","4":"has-post-thumbnail","6":"product_cat-koogisegisti-kraanid","7":"pa_acoustic-group-i--20-db-et","8":"pa_code-bax-769d-et","9":"pa_connecting-hose-length-500-mm-et","10":"pa_ean-5907791168856-et","11":"pa_finish-black-et","12":"pa_flow-class-z--9-l-min-et","13":"pa_head-diameter-35-mm-et","14":"pa_method-of-installation-upright-et","15":"pa_producer-laveo-et","16":"pa_range-of-spout-222-mm-et","17":"pa_series-toro-et","18":"pa_total-mixer-height-390-mm-et","19":"pa_type-of-cartridge-ceramic-et","20":"pa_type-of-handle-single-lever-et","21":"pa_type-of-spout-movable-pull-out-et","22":"product-combo-toro-2","23":"edasimyyja-on24-2","25":"first","26":"instock","27":"purchasable","28":"product-type-simple"},"_links":{"self":[{"href":"https:\/\/laveo.sau.ee\/en\/wp-json\/wp\/v2\/product\/4172","targetHints":{"allow":["GET"]}}],"collection":[{"href":"https:\/\/laveo.sau.ee\/en\/wp-json\/wp\/v2\/product"}],"about":[{"href":"https:\/\/laveo.sau.ee\/en\/wp-json\/wp\/v2\/types\/product"}],"wp:featuredmedia":[{"embeddable":true,"href":"https:\/\/laveo.sau.ee\/en\/wp-json\/wp\/v2\/media\/4057"}],"wp:attachment":[{"href":"https:\/\/laveo.sau.ee\/en\/wp-json\/wp\/v2\/media?parent=4172"}],"wp:term":[{"taxonomy":"product_brand","embeddable":true,"href":"https:\/\/laveo.sau.ee\/en\/wp-json\/wp\/v2\/product_brand?post=4172"},{"taxonomy":"product_cat","embeddable":true,"href":"https:\/\/laveo.sau.ee\/en\/wp-json\/wp\/v2\/product_cat?post=4172"},{"taxonomy":"product_tag","embeddable":true,"href":"https:\/\/laveo.sau.ee\/en\/wp-json\/wp\/v2\/product_tag?post=4172"},{"taxonomy":"product-combo","embeddable":true,"href":"https:\/\/laveo.sau.ee\/en\/wp-json\/wp\/v2\/product-combo?post=4172"},{"taxonomy":"plc","embeddable":true,"href":"https:\/\/laveo.sau.ee\/en\/wp-json\/wp\/v2\/plc?post=4172"},{"taxonomy":"edasimyyja","embeddable":true,"href":"https:\/\/laveo.sau.ee\/en\/wp-json\/wp\/v2\/edasimyyja?post=4172"}],"curies":[{"name":"wp","href":"https:\/\/api.w.org\/{rel}","templated":true}]}}