{"id":4169,"date":"2023-03-30T13:38:14","date_gmt":"2023-03-30T10:38:14","guid":{"rendered":"https:\/\/dev.infinit.ee\/prod\/zorita-sliding-shower-set-4\/"},"modified":"2026-04-16T17:25:24","modified_gmt":"2026-04-16T14:25:24","slug":"zorita-sliding-shower-set-4","status":"publish","type":"product","link":"https:\/\/laveo.sau.ee\/en\/product\/zorita-sliding-shower-set-4\/","title":{"rendered":"Zorita &#8211; libistatav du\u0161ikomplekt"},"content":{"rendered":"<p>Zorita &#8211; originaalne du\u0161imudelite kollektsioon, mis on saadaval kahes v\u00e4rvitoonis: must-kroom ja valge-kroom. Kogu joont r\u00f5hutab k\u00fclgmine kroomitud riba, mis lisab kogu seeriale esteetilisust. Saate valida k\u00e4sidu\u0161i, \u00fchepunktilise du\u0161ikomplekti, du\u0161ikomplekti ja du\u0161ikolonni vahel, olenemata mudelist, iga neist n\u00e4eb glamuurses interj\u00f6\u00f6ris h\u00e4sti v\u00e4lja.<\/p>\n","protected":false},"excerpt":{"rendered":"<p>Zorita &#8211; originaalne du\u0161imudelite kollektsioon, mis on saadaval kahes v\u00e4rvitoonis: must-kroom ja valge-kroom. Kogu joont r\u00f5hutab k\u00fclgmine kroomitud riba, mis lisab kogu seeriale esteetilisust. Saate valida k\u00e4sidu\u0161i, \u00fchepunktilise du\u0161ikomplekti, du\u0161ikomplekti ja du\u0161ikolonni vahel, olenemata mudelist, iga neist n\u00e4eb glamuurses interj\u00f6\u00f6ris h\u00e4sti v\u00e4lja.<\/p>\n","protected":false},"featured_media":4088,"template":"","meta":[],"product_brand":[],"product_cat":[2712,2742],"product_tag":[],"product-combo":[],"plc":[],"edasimyyja":[],"class_list":{"0":"post-4169","1":"product","2":"type-product","3":"status-publish","4":"has-post-thumbnail","6":"product_cat-dusid","7":"product_cat-dusikomplektid","8":"pa_additional-functions-with-anti-twist-system-with-anti-limescale-system-adjustable-fixing-span-et","9":"pa_adjustable-fitting-span-yes-et","10":"pa_anti-calc-system-yes-et","11":"pa_bar-length-700-mm-et","12":"pa_code-nlz-71a1-et","13":"pa_ean-5907791164346-et","14":"pa_finish-black-chrome-et","15":"pa_hand-shower-jet-size-242x105-mm-et","16":"pa_hose-anti-twist-system-yes-et","17":"pa_length-of-hose-1500-mm-et","18":"pa_method-of-installation-wall-mounted-et","19":"pa_number-of-hand-shower-streams-3-et","20":"pa_producer-laveo-et","21":"pa_series-zorita-et","22":"pa_stream-types-rain-massage-mixed-et","23":"pa_type-2-no-mixer-et","25":"first","26":"instock","27":"purchasable","28":"product-type-simple"},"_links":{"self":[{"href":"https:\/\/laveo.sau.ee\/en\/wp-json\/wp\/v2\/product\/4169","targetHints":{"allow":["GET"]}}],"collection":[{"href":"https:\/\/laveo.sau.ee\/en\/wp-json\/wp\/v2\/product"}],"about":[{"href":"https:\/\/laveo.sau.ee\/en\/wp-json\/wp\/v2\/types\/product"}],"wp:featuredmedia":[{"embeddable":true,"href":"https:\/\/laveo.sau.ee\/en\/wp-json\/wp\/v2\/media\/4088"}],"wp:attachment":[{"href":"https:\/\/laveo.sau.ee\/en\/wp-json\/wp\/v2\/media?parent=4169"}],"wp:term":[{"taxonomy":"product_brand","embeddable":true,"href":"https:\/\/laveo.sau.ee\/en\/wp-json\/wp\/v2\/product_brand?post=4169"},{"taxonomy":"product_cat","embeddable":true,"href":"https:\/\/laveo.sau.ee\/en\/wp-json\/wp\/v2\/product_cat?post=4169"},{"taxonomy":"product_tag","embeddable":true,"href":"https:\/\/laveo.sau.ee\/en\/wp-json\/wp\/v2\/product_tag?post=4169"},{"taxonomy":"product-combo","embeddable":true,"href":"https:\/\/laveo.sau.ee\/en\/wp-json\/wp\/v2\/product-combo?post=4169"},{"taxonomy":"plc","embeddable":true,"href":"https:\/\/laveo.sau.ee\/en\/wp-json\/wp\/v2\/plc?post=4169"},{"taxonomy":"edasimyyja","embeddable":true,"href":"https:\/\/laveo.sau.ee\/en\/wp-json\/wp\/v2\/edasimyyja?post=4169"}],"curies":[{"name":"wp","href":"https:\/\/api.w.org\/{rel}","templated":true}]}}